{"id":11644,"date":"2021-01-31T23:06:50","date_gmt":"2021-01-31T23:06:50","guid":{"rendered":"https:\/\/yacht-explorer.com\/kontakt\/"},"modified":"2022-12-31T03:09:58","modified_gmt":"2022-12-31T03:09:58","slug":"kontakt","status":"publish","type":"page","link":"https:\/\/yacht-explorer.com\/de\/homepage-slider\/kontakt\/","title":{"rendered":"Kontakt"},"content":{"rendered":"<p>[vc_section full_width=&#8220;stretch_row_content&#8220;][vc_row full_width=&#8220;stretch_row_content_no_spaces&#8220;][vc_column]<div class=\"slider-zoom  zoom-default  zoom-style-default  zoom-origin-center-center  overlay-dots  bullets-false  zoom-content-effect-fade-top  zoom-margin-top \" id=\"like_sc_zoom_slider_504435497\" data-zs-prev=\"\" data-zs-next=\"\" data-zs-overlay=\"dots\" data-zs-initzoom=\"1.2\" data-zs-speed=\"50000\" data-zs-interval=\"50000\" data-zs-switchSpeed=\"7000\" data-zs-arrows=\"true\" data-zs-bullets=\"false\" data-zs-src='[&#34;https:\\\/\\\/yacht-explorer.com\\\/wp-content\\\/uploads\\\/2020\\\/11\\\/contact-heder.jpg&#34;,&#34;https:\\\/\\\/yacht-explorer.com\\\/wp-content\\\/uploads\\\/2020\\\/11\\\/contact-heder.jpg&#34;]'><div class=\"container ltx-zs-slider-wrapper\"><div class=\"ltx-zs-slider-inner  inited visible  ltx-zs-slide-0\" data-index=\"0\">[vc_section full_width=\"stretch_row_content\"][vc_row][vc_column][vc_empty_space height=\"450px\"][\/vc_column][\/vc_row][\/vc_section]<\/div><div class=\"ltx-zs-slider-inner  ltx-zs-slide-1\" data-index=\"1\">[vc_section full_width=\"stretch_row_content\"][vc_row][vc_column][vc_empty_space height=\"450px\"][\/vc_column][\/vc_row][\/vc_section]<\/div><\/div><\/div>[\/vc_column][\/vc_row][\/vc_section][vc_section full_width=&#8220;stretch_row_content&#8220; bg_overlay=&#8220;divider&#8220;][vc_row][vc_column][vc_empty_space][\/vc_column][\/vc_row][vc_row full_width=&#8220;stretch_row&#8220;][vc_column width=&#8220;1\/3&#8243;][vc_empty_space height=&#8220;50px&#8220;][vc_column_text css=&#8220;.vc_custom_1604784770924{margin-right: 50px !important;margin-left: 50px !important;}&#8220;]<span style=\"font-size: 18pt;\"><em>Interessiert an unseren Dienstleistungen?<\/em><\/span><\/p>\n<h3>Wir helfen Ihnen gerne weiter<\/h3>\n<p>Wenn Sie der Meinung sind, dass das Chartern eines Mila Felice f\u00fcr Sie in Frage kommt, kontaktieren Sie uns bitte und senden Sie uns Ihre Anforderungen und Erwartungen. Unser Verkaufsteam wird Ihnen einige erste Ideen geben. Sie k\u00f6nnen Ihre Fragen auch direkt per E-Mail oder Telefon beantworten.[\/vc_column_text][\/vc_column][vc_column width=&#8220;1\/3&#8243;]<div class=\"ltx-contact-form-7 transform- form-center form-transparent form-bg-transparent form-style- form-btn- form-btn- form-padding-default \" id=\"like_sc_contact_form_7_1844397513\">\n<div class=\"wpcf7 no-js\" id=\"wpcf7-f13513-o1\" lang=\"de-DE\" dir=\"ltr\" data-wpcf7-id=\"13513\">\n<div class=\"screen-reader-response\"><p role=\"status\" aria-live=\"polite\" aria-atomic=\"true\"><\/p> <ul><\/ul><\/div>\n<form action=\"\/de\/wp-json\/wp\/v2\/pages\/11644#wpcf7-f13513-o1\" method=\"post\" class=\"wpcf7-form init\" aria-label=\"Kontaktformular\" novalidate=\"novalidate\" data-status=\"init\">\n<div style=\"display: none;\">\n<input type=\"hidden\" name=\"_wpcf7\" value=\"13513\" \/>\n<input type=\"hidden\" name=\"_wpcf7_version\" value=\"6.0.5\" \/>\n<input type=\"hidden\" name=\"_wpcf7_locale\" value=\"de_DE\" \/>\n<input type=\"hidden\" name=\"_wpcf7_unit_tag\" value=\"wpcf7-f13513-o1\" \/>\n<input type=\"hidden\" name=\"_wpcf7_container_post\" value=\"0\" \/>\n<input type=\"hidden\" name=\"_wpcf7_posted_data_hash\" value=\"\" \/>\n<\/div>\n<p><label> Ihr Vor- und Nachname (erforderlich)<br \/>\n<span class=\"wpcf7-form-control-wrap\" data-name=\"your-name\"><input size=\"40\" maxlength=\"400\" class=\"wpcf7-form-control wpcf7-text wpcf7-validates-as-required\" aria-required=\"true\" aria-invalid=\"false\" value=\"\" type=\"text\" name=\"your-name\" \/><\/span> <\/label>\n<\/p>\n<p><label> Ihre E-Mailadresse (erforderlich)<br \/>\n<span class=\"wpcf7-form-control-wrap\" data-name=\"your-email\"><input size=\"40\" maxlength=\"400\" class=\"wpcf7-form-control wpcf7-email wpcf7-validates-as-required wpcf7-text wpcf7-validates-as-email\" aria-required=\"true\" aria-invalid=\"false\" value=\"\" type=\"email\" name=\"your-email\" \/><\/span> <\/label>\n<\/p>\n<p><label> Telefon<br \/>\n<span class=\"wpcf7-form-control-wrap\" data-name=\"your-phone\"><input size=\"40\" maxlength=\"400\" class=\"wpcf7-form-control wpcf7-text\" aria-invalid=\"false\" value=\"\" type=\"text\" name=\"your-phone\" \/><\/span> <\/label>\n<\/p>\n<p><label> Land<br \/>\n<span class=\"wpcf7-form-control-wrap\" data-name=\"your-country\"><input size=\"40\" maxlength=\"400\" class=\"wpcf7-form-control wpcf7-text\" aria-invalid=\"false\" value=\"\" type=\"text\" name=\"your-country\" \/><\/span> <\/label>\n<\/p>\n<p><label> Deine Nachricht<br \/>\n<span class=\"wpcf7-form-control-wrap\" data-name=\"your-message\"><textarea cols=\"40\" rows=\"10\" maxlength=\"2000\" class=\"wpcf7-form-control wpcf7-textarea\" aria-invalid=\"false\" name=\"your-message\"><\/textarea><\/span> <\/label>\n<\/p>\n<p><input class=\"wpcf7-form-control wpcf7-submit has-spinner\" type=\"submit\" value=\"Anfrage absenden\" \/>\n<\/p><div class=\"wpcf7-response-output\" aria-hidden=\"true\"><\/div>\n<\/form>\n<\/div>\n<\/div>[\/vc_column][vc_column width=&#8220;1\/3&#8243;][vc_empty_space height=&#8220;50px&#8220;][vc_column_text css=&#8220;.vc_custom_1605440285680{margin-right: 50px !important;margin-left: 50px !important;}&#8220;]Bei Fragen zum Yachtcharter f\u00fcllen Sie bitte das Formular aus oder kontaktieren Sie unsere Mitarbeiter w\u00e4hrend der B\u00fcroarbeit ab:<br \/>\n<strong><span class=\"font-weight-700\">Mo-Fr: 08:00 &#8211; 20:00 Uhr<\/span><\/strong>[\/vc_column_text][vc_empty_space][vc_row_inner css=&#8220;.vc_custom_1605440198183{padding-left: 30px !important;}&#8220;][vc_column_inner width=&#8220;1\/4&#8243; css=&#8220;.vc_custom_1605440225382{padding-right: 5px !important;}&#8220;]<ul class=\"ltx-block-icon icons-count-1  ltx-icon-ht-left align-center ltx-icon-type-circle layout-cols1 \"  id=\"like_sc_block_icon_548331537\"><li ><div  data-mh=\"ltx-block-icon-in-1685\" class=\"in matchHeight\"><span class=\"ltx-icon icon-pin\" data-mh=\"ltx-icon-span-like_sc_block_icon_548331537\"><\/span><div class=\"block-right\"><\/div><\/div><\/li><\/ul>[\/vc_column_inner][vc_column_inner width=&#8220;3\/4&#8243;][vc_column_text]<\/p>\n<p style=\"text-align: left;\"><span style=\"font-size: 14pt;\"><br \/>\nBufaline V.15 a , Ka\u0161tel Novi 21217, Croatia<\/span><\/p>\n<p>[\/vc_column_text][\/vc_column_inner][\/vc_row_inner][vc_row_inner css=&#8220;.vc_custom_1605440198183{padding-left: 30px !important;}&#8220;][vc_column_inner width=&#8220;1\/4&#8243; css=&#8220;.vc_custom_1605440225382{padding-right: 5px !important;}&#8220;]<ul class=\"ltx-block-icon icons-count-1  ltx-icon-ht-left align-center ltx-icon-type-circle layout-cols1 \"  id=\"like_sc_block_icon_840286877\"><li ><div  data-mh=\"ltx-block-icon-in-1712\" class=\"in matchHeight\"><span class=\"ltx-icon icon-pin\" data-mh=\"ltx-icon-span-like_sc_block_icon_840286877\"><\/span><div class=\"block-right\"><\/div><\/div><\/li><\/ul>[\/vc_column_inner][vc_column_inner width=&#8220;3\/4&#8243;][vc_column_text]<\/p>\n<p style=\"text-align: left;\"><span style=\"font-size: 14pt;\"><br \/>\nMarina Baoti\u0107, Seget<br \/>\n<\/span><\/p>\n<p>[\/vc_column_text][\/vc_column_inner][\/vc_row_inner][vc_row_inner css=&#8220;.vc_custom_1605440198183{padding-left: 30px !important;}&#8220;][vc_column_inner width=&#8220;1\/4&#8243; css=&#8220;.vc_custom_1605440855672{padding-top: 10px !important;padding-right: 5px !important;}&#8220;]<ul class=\"ltx-block-icon icons-count-1  ltx-icon-ht-left align-center ltx-icon-type-circle layout-cols1 \"  id=\"like_sc_block_icon_1013931087\"><li ><div  data-mh=\"ltx-block-icon-in-1802\" class=\"in matchHeight\"><span class=\"ltx-icon fas fa-phone\" data-mh=\"ltx-icon-span-like_sc_block_icon_1013931087\"><\/span><div class=\"block-right\"><\/div><\/div><\/li><\/ul>[\/vc_column_inner][vc_column_inner width=&#8220;3\/4&#8243;][vc_column_text]<\/p>\n<p style=\"text-align: left;\"><span style=\"font-size: 14pt;\"><br \/>\nPhone: +385 95 892 6380<br \/>\n<\/span><\/p>\n<p>[\/vc_column_text][\/vc_column_inner][\/vc_row_inner][vc_row_inner css=&#8220;.vc_custom_1605440198183{padding-left: 30px !important;}&#8220;][vc_column_inner width=&#8220;1\/4&#8243; css=&#8220;.vc_custom_1605441102642{padding-right: 5px !important;}&#8220;]<ul class=\"ltx-block-icon icons-count-1  ltx-icon-ht-left align-center ltx-icon-type-circle layout-cols1 \"  id=\"like_sc_block_icon_211779697\"><li ><div  data-mh=\"ltx-block-icon-in-1594\" class=\"in matchHeight\"><span class=\"ltx-icon fas fa-envelope\" data-mh=\"ltx-icon-span-like_sc_block_icon_211779697\"><\/span><div class=\"block-right\"><\/div><\/div><\/li><\/ul>[\/vc_column_inner][vc_column_inner width=&#8220;3\/4&#8243;][vc_column_text]<\/p>\n<p style=\"text-align: left;\"><span style=\"font-size: 14pt;\"><br \/>\ninfo@yacht-explorer.com<br \/>\n<\/span><\/p>\n<p>[\/vc_column_text][\/vc_column_inner][\/vc_row_inner][\/vc_column][\/vc_row][\/vc_section]<\/p>\n","protected":false},"excerpt":{"rendered":"<p>[vc_section full_width=&#8220;stretch_row_content&#8220;][vc_row full_width=&#8220;stretch_row_content_no_spaces&#8220;][vc_column][\/vc_column][\/vc_row][\/vc_section][vc_section full_width=&#8220;stretch_row_content&#8220; bg_overlay=&#8220;divider&#8220;][vc_row][vc_column][vc_empty_space][\/vc_column][\/vc_row][vc_row full_width=&#8220;stretch_row&#8220;][vc_column width=&#8220;1\/3&#8243;][vc_empty_space height=&#8220;50px&#8220;][vc_column_text css=&#8220;.vc_custom_1604784770924{margin-right: 50px !important;margin-left: 50px !important;}&#8220;]Interessiert an unseren Dienstleistungen? Wir helfen Ihnen gerne weiter Wenn Sie der Meinung sind, dass das Chartern eines Mila Felice f\u00fcr Sie in Frage kommt, kontaktieren Sie uns bitte und senden Sie uns Ihre Anforderungen und Erwartungen. Unser Verkaufsteam wird Ihnen einige erste Ideen geben. Sie k\u00f6nnen Ihre Fragen auch direkt per E-Mail oder Telefon beantworten.[\/vc_column_text][\/vc_column][vc_column width=&#8220;1\/3&#8243;][\/vc_column][vc_column width=&#8220;1\/3&#8243;][vc_empty_space height=&#8220;50px&#8220;][vc_column_text css=&#8220;.vc_custom_1605440285680{margin-right: 50px !important;margin-left: 50px !important;}&#8220;]Bei Fragen zum Yachtcharter f\u00fcllen Sie bitte das Formular aus oder kontaktieren Sie unsere Mitarbeiter w\u00e4hrend der B\u00fcroarbeit ab: Mo-Fr: 08:00 &#8211; 20:00 Uhr[\/vc_column_text][vc_empty_space][vc_row_inner css=&#8220;.vc_custom_1605440198183{padding-left: 30px !important;}&#8220;][vc_column_inner width=&#8220;1\/4&#8243; css=&#8220;.vc_custom_1605440225382{padding-right: 5px !important;}&#8220;][\/vc_column_inner][vc_column_inner width=&#8220;3\/4&#8243;][vc_column_text] Bufaline V.15 a , Ka\u0161tel Novi 21217, Croatia [\/vc_column_text][\/vc_column_inner][\/vc_row_inner][vc_row_inner css=&#8220;.vc_custom_1605440198183{padding-left: 30px !important;}&#8220;][vc_column_inner width=&#8220;1\/4&#8243; css=&#8220;.vc_custom_1605440225382{padding-right: 5px !important;}&#8220;][\/vc_column_inner][vc_column_inner width=&#8220;3\/4&#8243;][vc_column_text] Marina Baoti\u0107, Seget [\/vc_column_text][\/vc_column_inner][\/vc_row_inner][vc_row_inner css=&#8220;.vc_custom_1605440198183{padding-left: 30px !important;}&#8220;][vc_column_inner width=&#8220;1\/4&#8243; css=&#8220;.vc_custom_1605440855672{padding-top: 10px !important;padding-right: 5px !important;}&#8220;][\/vc_column_inner][vc_column_inner width=&#8220;3\/4&#8243;][vc_column_text] Phone: +385 95 892 6380 [\/vc_column_text][\/vc_column_inner][\/vc_row_inner][vc_row_inner css=&#8220;.vc_custom_1605440198183{padding-left: 30px !important;}&#8220;][vc_column_inner width=&#8220;1\/4&#8243; css=&#8220;.vc_custom_1605441102642{padding-right: 5px [&hellip;]<\/p>\n","protected":false},"author":1,"featured_media":0,"parent":12116,"menu_order":2,"comment_status":"closed","ping_status":"closed","template":"page-templates\/full-width.php","meta":{"footnotes":""},"class_list":["post-11644","page","type-page","status-publish","hentry","has-post-thumbnail"],"_links":{"self":[{"href":"https:\/\/yacht-explorer.com\/de\/wp-json\/wp\/v2\/pages\/11644","targetHints":{"allow":["GET"]}}],"collection":[{"href":"https:\/\/yacht-explorer.com\/de\/wp-json\/wp\/v2\/pages"}],"about":[{"href":"https:\/\/yacht-explorer.com\/de\/wp-json\/wp\/v2\/types\/page"}],"author":[{"embeddable":true,"href":"https:\/\/yacht-explorer.com\/de\/wp-json\/wp\/v2\/users\/1"}],"replies":[{"embeddable":true,"href":"https:\/\/yacht-explorer.com\/de\/wp-json\/wp\/v2\/comments?post=11644"}],"version-history":[{"count":17,"href":"https:\/\/yacht-explorer.com\/de\/wp-json\/wp\/v2\/pages\/11644\/revisions"}],"predecessor-version":[{"id":14241,"href":"https:\/\/yacht-explorer.com\/de\/wp-json\/wp\/v2\/pages\/11644\/revisions\/14241"}],"up":[{"embeddable":true,"href":"https:\/\/yacht-explorer.com\/de\/wp-json\/wp\/v2\/pages\/12116"}],"wp:attachment":[{"href":"https:\/\/yacht-explorer.com\/de\/wp-json\/wp\/v2\/media?parent=11644"}],"curies":[{"name":"wp","href":"https:\/\/api.w.org\/{rel}","templated":true}]}}