{"id":11961,"date":"2021-02-28T19:59:43","date_gmt":"2021-02-28T19:59:43","guid":{"rendered":"https:\/\/yacht-explorer.com\/haeufig-gestellte-fragen-q\/"},"modified":"2021-03-02T06:27:03","modified_gmt":"2021-03-02T06:27:03","slug":"haeufig-gestellte-fragen-q","status":"publish","type":"page","link":"https:\/\/yacht-explorer.com\/de\/homepage-slider\/haeufig-gestellte-fragen-q\/","title":{"rendered":"H\u00e4ufig gestellte Fragen Q."},"content":{"rendered":"<p>[vc_row][vc_column][vc_column_text]<span style=\"font-size: 18pt\"><strong>FAQ<\/strong><\/span><\/p>\n<p>Im Folgenden k\u00f6nnen Sie unsere h\u00e4ufig gestellten Fragen lesen und eine Antwort finden, die Ihnen bei der Suche nach einem Schiff hilft. Sollten Sie weitere Fragen haben, k\u00f6nnen Sie sich gerne an uns wenden.[\/vc_column_text][\/vc_column][\/vc_row][vc_row][vc_column][vc_toggle title=&#8220;2. Wie buche ich ein Schiff?&#8220; style=&#8220;arrow&#8220;]Die Wahl des Schiffes h\u00e4ngt ganz von Ihren W\u00fcnschen und Vorlieben ab. Unser Angebot umfasst folgende Schiffstypen:<\/p>\n<ul>\n<li>Segelboote &#8211; ausgezeichnet f\u00fcr Familien- und Aktivurlaub (wenn Sie noch nie gesegelt sind und einen F\u00fchrerschein haben, empfehlen wir Ihnen, zum ersten Mal einen Skipper zu mieten)<\/li>\n<li>Katamarane &#8211; sehr stabil und komfortabel, es ist jetzt sehr beliebt, weil es viel Platz hat und wie eine Wohnung auf See ist<\/li>\n<li>Gulets &#8211; nutzen Sie die Kraft von Motor (mehr) und Segeln (weniger), um sich zu bewegen, die ausschlie\u00dflich von der Besatzung (Kapit\u00e4n, Seemann, Koch, Gastgeberin) gemietet werden..<\/li>\n<li>Motorboote &#8211; f\u00fcr Speed-Segler<\/li>\n<\/ul>\n<p>Beachten Sie vor der Auswahl eines Schiffes die folgenden Angaben:<\/p>\n<ul>\n<li>Was erwarten Sie von Ihrem Urlaub (Entspannung, aktiver Urlaub, Erfahrung)?<\/li>\n<li>Ben\u00f6tigen Sie einen Skipper oder nicht? Wenn Sie die Dienste des Skippers ben\u00f6tigen, denken<br \/>\nSie bitte daran dass der Skipper auch an Bord schl\u00e4ft, also einer der Liegepl\u00e4tze (entweder im Salonbereich<br \/>\noder in einer Kabine) sollte f\u00fcr ihn reserviert werden.<\/li>\n<li>Wie viele Personen werden an Bord sein?<\/li>\n<li>Besteht Ihre Gruppe aus Paaren, die sich dieselbe<br \/>\nKabine teilen k\u00f6nnen, oder aus einer Besatzung? Kabine teilen k\u00f6nnen, oder aus einer Besatzung?<\/li>\n<li>Bevorzugen Sie Komfort?<\/li>\n<\/ul>\n<p>[\/vc_toggle][vc_toggle title=&#8220;2. Wie buche ich ein Schiff?&#8220; style=&#8220;arrow&#8220;]Sie k\u00f6nnen sich \u00fcber unseren Kontaktknopf mit uns \u00fcber die Schiffsauswahl beraten<br \/>\n&#8211; wir erstellen auf Anfrage ein Angebot f\u00fcr Sie. Wir sind hier, damit Sie sich um nichts k\u00fcmmern m\u00fcssen.<br \/>\nBeraten Sie uns einfach \u00fcber Ihre W\u00fcnsche und wir werden Ihre Bed\u00fcrfnisse erf\u00fcllen.<\/p>\n<p>Nachdem Sie ein Schiff ausgew\u00e4hlt haben, k\u00f6nnen wir es unverbindlich f\u00fcr mehrere Tage f\u00fcr Sie reservieren.<br \/>\nSo haben Sie Zeit, Ihre Reisepl\u00e4ne zu organisieren (Flugtickets zu kaufen usw.) und alles mit Ihren Besatzungsmitgliedern zu vereinbaren.<br \/>\nund alles mit Ihren Besatzungsmitgliedern zu vereinbaren.<\/p>\n<p>Das Schiff gilt als von Ihnen gebucht, sobald Sie die erste Rate, 50%<br \/>\ndes Gesamtpreises oder die gesamte Chartergeb\u00fchr f\u00fcr Buchungen innerhalb von 30 Tagen vor Abflug bezahlen. Sie k\u00f6nnen<br \/>\nentweder mit Kreditkarte oder per \u00dcberweisung bezahlen.[\/vc_toggle][vc_toggle title=&#8220;3. Muss ich einen professionellen Skipper einstellen?&#8220; style=&#8220;arrow&#8220;]Segelyachtcharter beginnen und enden normalerweise samstags W\u00e4hrend der Hochsaison (von Mai<br \/>\nbis September) halten wir uns an unser w\u00f6chentliches Chartersystem (Charter von Samstag bis Samstag),<br \/>\nda dies die gesch\u00e4ftigsten Monate f\u00fcr Charterunternehmen sind und die meisten<br \/>\nWochen weit im Voraus ausverkauft sind (der Preis ist wahrscheinlich nicht flexibel,<br \/>\nund Sie w\u00fcrden in der Regel f\u00fcr eine ganze Woche berechnet)<\/p>\n<p>Obwohl es manchmal eine gute Gelegenheit ist, Charterfl\u00fcge zu finden,<br \/>\ndie nicht von Samstag bis Samstag stattfinden, ist es immer gut, uns zu fragen, und wir werden versuchen,<br \/>\ndie nicht von Samstag bis Samstag stattfinden, ist es immer gut, uns zu fragen, und wir werden versuchen,<\/p>\n<p>Segelt\u00f6rns mit einer Dauer von weniger als einer Woche werden in der Regel in der Nebensaison (Oktober-<br \/>\nApril \/ Mai) organisiert. Der Preis wird dann anhand der Anzahl der Tage berechnet, die an Bord verbracht werden.[\/vc_toggle][vc_toggle title=&#8220;4. Welche Qualifikationen ben\u00f6tige ich f\u00fcr einen Bareboat-Charter?&#8220; style=&#8220;arrow&#8220;]Wenn Sie \u00fcberhaupt keine Segelerfahrung haben oder keinen offiziell anerkannten Segelschein besitzen<br \/>\nm\u00fcssen Sie einen Skipper mieten.<\/p>\n<p>\u00dcber diesen Link k\u00f6nnen Sie Lizenzen \u00fcberpr\u00fcfen, die in kroatischen Hoheitsgew\u00e4ssern anerkannt sind,<br \/>\noder Sie k\u00f6nnen uns Ihre Lizenz senden und wir werden sie f\u00fcr Sie \u00fcberpr\u00fcfen.<\/p>\n<p>Auch wenn Sie Erfahrung im Segeln haben, sich aber in Ihren Man\u00f6vrierf\u00e4higkeiten nicht sicher sind, ist dies der Fall<br \/>\nAuch wenn Sie Erfahrung im Segeln haben, sich aber in Ihren Man\u00f6vrierf\u00e4higkeiten nicht sicher sind, ist dies der Fall,<br \/>\num Ihr Segeln entspannter zu gestalten. Sie k\u00f6nnen auch vom Wissen der \u00f6rtlichen Skipper profitieren &#8211; sie sind<br \/>\nmit den Segelbedingungen in der Region, in der Sie segeln m\u00f6chten,<br \/>\nbestens vertraut und k\u00f6nnen die interessantesten Orte zum Schwimmen und Spa\u00df sowie zahlreiche Restaurants vorschlagen.<\/p>\n<p>In den meisten F\u00e4llen schl\u00e4ft ein Skipper im Salonbereich. Es wird jedoch dringend empfohlen,<br \/>\nein gr\u00f6\u00dferes Boot zu chartern und dem Skipper eine eigene Kabine zur Verf\u00fcgung zu stellen,<br \/>\nda die G\u00e4ste mehr Komfort und einen kostenlosen Salonbereich zum Entspannen haben und der Skipper gut ausgeruht ist,<br \/>\num seine Arbeit noch besser zu erledigen.<\/p>\n<p>Dies ist etwas, auf das Sie auch achten m\u00fcssen &#8211; jedes Schiff ist f\u00fcr eine bestimmte Anzahl von<br \/>\nPersonen registriert (das Gesetz erlaubt nicht, dass diese Anzahl \u00fcberschritten wird).<\/p>\n<p>Wir k\u00f6nnen jederzeit einen Skipper f\u00fcr Sie reservieren, da wir Teil des Skipperverbandes<br \/>\nin Kroatien sind.[\/vc_toggle][vc_toggle title=&#8220;5. Sind die Skipperleistungen im Preis inbegriffen?&#8220; style=&#8220;arrow&#8220;]Beim Bareboat-Charter muss der Kunde, der auch Skipper ist, \u00fcber ein Kompetenzzertifikat verf\u00fcgen,<br \/>\num in den meisten L\u00e4ndern ein Boot chartern zu k\u00f6nnen. In Kroatien ist es gesetzlich vorgeschrieben<br \/>\ndass ein Besatzungsmitglied f\u00fcr den Betrieb mit der UKW-Station (mit der UKW-Lizenz) qualifiziert ist.<br \/>\n(mit der UKW-Lizenz) qualifiziert ist.[\/vc_toggle][vc_toggle title=&#8220;6. Gibt es neben einer Chartergeb\u00fchr zus\u00e4tzliche Kosten, die ich budgetieren sollte?&#8220; style=&#8220;arrow&#8220;]Skipperservices werden separat von der Chartergeb\u00fchr bezahlt. Die G\u00e4ste sind verpflichtet,<br \/>\nsie (auch die einer Gastgeberin oder eines Kochs) sowie Essen und Trinken f\u00fcr den Skipper<br \/>\nandere Besatzungsmitglieder zu bezahlen.<\/p>\n<p>Bei Gulets sind die Besatzungskosten (die eines Kapit\u00e4ns, eines Seemanns und eines Kochs) bereits<br \/>\nin der Chartergeb\u00fchr enthalten.<\/p>\n<p>Megayachten und Segelboote, die eine bestimmte L\u00e4nge \u00fcberschreiten, werden ausschlie\u00dflich mit der<br \/>\nMegayachten und Segelboote, die eine bestimmte L\u00e4nge \u00fcberschreiten, werden ausschlie\u00dflich mit der<br \/>\nMegayachten und Segelboote, die eine bestimmte L\u00e4nge \u00fcberschreiten, werden ausschlie\u00dflich mit der[\/vc_toggle][vc_toggle title=&#8220;7. Gibt es einen Parkplatz innerhalb des Yachthafens?&#8220; style=&#8220;arrow&#8220;]Bitte \u00fcberpr\u00fcfen Sie die zus\u00e4tzlichen Kosten f\u00fcr einen Segelurlaub auf unserer Yacht Explorer Preisliste.[\/vc_toggle][vc_toggle title=&#8220;8. Gibt es einen Parkplatz innerhalb des Yachthafens?&#8220; style=&#8220;arrow&#8220;]Die meisten Yachth\u00e4fen haben einen gesicherten Parkplatz f\u00fcr Autos &#8211; der Preis eines Parkplatzes h\u00e4ngt davon ab<br \/>\nDer Yachthafen selbst und die meisten Yachth\u00e4fen akzeptieren keine Vorreservierungen.[\/vc_toggle][vc_toggle title=&#8220;9. Was soll ich mitbringen?&#8220; style=&#8220;arrow&#8220;]Dieser <a href=\"https:\/\/www.nationalgeographic.com\/travel\/intelligent-travel\/2013\/08\/19\/how-to-pack-for-a-boat-trip\/\">Artikel<\/a> \u00fcber National Geographic ist eine interessante Liste von Gegenst\u00e4nden, die Sie mitbringen sollten<br \/>\nDenken Sie mit Ihnen auf dem Boot daran, einfach zu sein und alles andere, was Sie kaufen k\u00f6nnen. Es gibt<br \/>\nein Gesch\u00e4ft auf jeder gr\u00f6\u00dferen Insel in Kroatien.[\/vc_toggle][vc_toggle title=&#8220;10. Technische Ausr\u00fcstung an Bord?&#8220; style=&#8220;arrow&#8220;]Wenn Sie genug Strom, Wasser und Essen haben, k\u00f6nnen Sie die Nacht in einem der Brunnen verbringen<br \/>\nabgelegene Buchten. Wenn Sie die Dienste eines Skippers in Anspruch nehmen, haben Sie keine Probleme bei der Suche<br \/>\ndie sichersten Buchten, da die Skipper die gew\u00e4hlte Segelregion gut kennen. wenn<br \/>\nWenn Sie alleine auf einem Schiff navigieren, k\u00f6nnen Sie im Internet surfen und sich im Voraus vorbereiten<br \/>\nReiseroute f\u00fcr 7 Tage, aber Sie haben auch auf unserer Website m\u00f6gliche Routenvorschl\u00e4ge, die Sie k\u00f6nnen<br \/>\n\u00fcberpr\u00fcfen und verwenden.[\/vc_toggle][vc_toggle title=&#8220;11. Technische Ausr\u00fcstung an Bord?&#8220; style=&#8220;arrow&#8220;]Wenn Sie ein Schiff \u00fcber unsere Website reserviert haben, \u00fcberpr\u00fcfen Sie bitte die zus\u00e4tzlichen Informationen<br \/>\nzur Schiffsausr\u00fcstung f\u00fcr jedes einzelne Boot in unserem Angebot. Wenn Sie weitere Hilfe ben\u00f6tigen,<br \/>\nkontaktieren Sie uns einfach und wir senden Ihnen ein Dokument mit allen Ausr\u00fcstungsgegenst\u00e4nden Ihres ausgew\u00e4hlten Bootes.<br \/>\nausgew\u00e4hltes Boot, und wenn etwas nicht auf der Liste ist, k\u00f6nnen wir die Basis direkt kontaktieren und um mehr bitten<br \/>\nInfos zum Boot. Alle Bareboats haben eine 12V Steckdose. Gulets und landgest\u00fctzte Einrichtungen sind 220V. so k\u00f6nnen Sie verwenden<br \/>\nes ist normalerweise wie zu Hause.[\/vc_toggle][vc_toggle title=&#8220;12. Werden an Bord Bettw\u00e4sche, K\u00fcchenzeile usw. bereitgestellt?&#8220; style=&#8220;arrow&#8220;]\u00dcberpr\u00fcfen Sie bei der Buchung eines Bootes, ob Ihr Boot mit Handt\u00fcchern und Bettw\u00e4sche ausgestattet ist, oder<br \/>\nwenn Sie es auf dem Boot mieten k\u00f6nnen. Wenn nicht, sollten Sie Ihre eigenen Handt\u00fccher mitnehmen (sowohl Strandt\u00fccher als auch<br \/>\ndie f\u00fcr die pers\u00f6nliche Hygiene) und W\u00e4sche, die meisten von ihnen sind ausgestattet, aber wir \u00fcberpr\u00fcfen das auf jeden Fall<br \/>\nbevor Sie ein Boot buchen.<\/p>\n<p>Eine K\u00fcche ist mit Herd, Backofen, K\u00fchlschrank, Sp\u00fcle, Kochutensilien und Besteck ausgestattet.<\/p>\n<p>Reinigungsmittel, Geschirrt\u00fccher usw. sind nicht an Bord vorhanden, k\u00f6nnen aber in Gesch\u00e4ften im Internet gekauft werden<br \/>\nYachth\u00e4fen vor dem Einsteigen.[\/vc_toggle][vc_toggle title=&#8220;13. Welche Orte soll ich besuchen?&#8220; style=&#8220;arrow&#8220;]Wenn Sie nicht wissen, welche Orte Sie besuchen sollen, \u00fcberpr\u00fcfen Sie bitte einige unserer vorgeschlagenen Routen und Informationen<br \/>\nan den Abfahrtspunkten der Schiffe in unserem Angebot.[\/vc_toggle][vc_toggle title=&#8220;14. Kinder an Bord?&#8220; style=&#8220;arrow&#8220;]Kinder k\u00f6nnen schon fr\u00fch mit Ihnen segeln &#8211; es gibt keine Altersgrenze Ihr Aufenthalt an Bord sollte jedoch<br \/>\nvon Erwachsenen genau \u00fcberwacht werden. Stellen Sie sicher, dass Sie die sicherste Kabine f\u00fcr ein Kind<br \/>\nStellen Sie sicher, dass Sie die sicherste Kabine f\u00fcr ein Kind Sie k\u00f6nnen<br \/>\nauch ein <strong>Sicherheitsnetz<\/strong> (dies wird dringend empfohlen) an den Seiten des Bootes anbringen.<br \/>\nKinder sollten auf jeden <strong>Fall<\/strong> Schwimmwesten tragen (f\u00fcr ihre Gr\u00f6\u00dfe geeignet).<\/p>\n<p>Sie sollten Babynahrung mitbringen (Milchpulver, wenn das Baby klein ist),<br \/>\nda es nicht in jedem Supermarkt in der Marina gekauft werden kann. Sie sollten auch in Betracht ziehen, k\u00fcrzere Routen<br \/>\nzu w\u00e4hlen und Yachth\u00e4fen zu besuchen, und das Wetter bei St\u00fcrmen h\u00e4ufiger \u00fcberpr\u00fcfen, damit Sie sicher sind,<br \/>\ndass Sie sich einen Platz in der Marina gesichert haben.[\/vc_toggle][vc_toggle title=&#8220;15. Wann sollte ich das Schiff zum Yachthafen zur\u00fcckbringen?&#8220; style=&#8220;arrow&#8220;]Die Schiffe werden am Freitagnachmittag \/ Abend mit einer \u00dcbernachtung zur Basis zur\u00fcckgebracht<br \/>\nVerpflegung bis Samstagmorgen zwischen 8 und 9 Uhr, wenn der Check-out abgeschlossen ist<br \/>\nZu diesem Zeitpunkt m\u00fcssen die G\u00e4ste das Boot verlassen, damit es gereinigt und f\u00fcr neue vorbereitet werden kann<br \/>\nG\u00e4ste. Unter besonderen Umst\u00e4nden kann das Schiff in Absprache mit dem Basismanager sein<br \/>\nkehrte zur nicht standardm\u00e4\u00dfigen Zeit zur Basis zur\u00fcck.[\/vc_toggle][vc_toggle title=&#8220;16. Ist es m\u00f6glich, dass einige Leute w\u00e4hrend eines Segelt\u00f6rns abreisen und andere der Crew beitreten?&#8220; style=&#8220;arrow&#8220;]\u00c4nderungen der Besatzung sind m\u00f6glich. Diese \u00c4nderungen m\u00fcssen jedoch im Voraus bekannt gegeben werden,<br \/>\ndamit die Chartergesellschaft Besatzungslisten mit allen \u00c4nderungen erstellen kann. Vor der \u00dcbernahme des Schiffes stellt<br \/>\ndie Charteragentur den G\u00e4sten vor und nach dem Wechsel eine \u00fcberpr\u00fcfte Besatzungsliste mit Daten zur Verf\u00fcgung,<br \/>\ndie die G\u00e4ste w\u00e4hrend des Segelt\u00f6rns ben\u00f6tigen.[\/vc_toggle][vc_toggle title=&#8220;17. Kann ich das Schiff vor dem f\u00fcr den Check-in festgelegten Zeitpunkt \u00fcbernehmen?&#8220; style=&#8220;arrow&#8220;]Wenn Sie vor dem f\u00fcr die \u00dcbernahme des Schiffes<br \/>\nteilen Sie uns den ungef\u00e4hren Zeitpunkt Ihrer Ankunft mit. Wir werden versuchen, das Schiff in Absprache mit der Charteragentur fr\u00fcher an Sie zu liefern.<br \/>\ndas Schiff in Absprache mit der Charteragentur fr\u00fcher an Sie zu liefern. Dies ist m\u00f6glich, wenn der Yachthafen zu diesem Zeitpunkt<br \/>\nnicht zu voll ist. Wenn Sie am Freitag oder fr\u00fcher anreisen und Hilfe bei der Suche nach einer geeigneten Unterkunft ben\u00f6tigen,<br \/>\nk\u00f6nnen Sie sich gerne an uns wenden.[\/vc_toggle][vc_toggle title=&#8220;18. Was k\u00f6nnen wir f\u00fcr Sie tun, mit dem Sie sich nicht befassen m\u00fcssen?&#8220; style=&#8220;arrow&#8220;]<\/p>\n<ul>\n<li><strong>Flughafentransfer<\/strong><br \/>\nWir k\u00f6nnen alle Transfers wie gew\u00fcnscht arrangieren. Bitte teilen Sie uns Ihre Ankunfts<br \/>\nund Abreisedaten mit.<\/li>\n<li><strong>Boarding- und R\u00fcckgabezeiten<br \/>\n<\/strong>Fragen Sie nach der fr\u00fchen Boarding-Zeit, die normalerweise am Samstag um 17:00 Uhr stattfindet. Sie m\u00fcssen jedoch wissen,<br \/>\ndass dies in einigen Unternehmen separat berechnet wird und bei Speiser\u00f6hren nicht m\u00f6glich ist.<strong><br \/>\n<\/strong><\/li>\n<li><strong>Stornierungen und Reiseversicherungen<\/strong><br \/>\nEinzelheiten entnehmen Sie bitte unseren Chartervertr\u00e4gen.<\/li>\n<li><strong>Handy<\/strong><br \/>\nMobilfunksignale erreichen fast alle Inseln und wir sind jetzt in der EU. Roaming kostet also nichts. Wenn Sie jedoch eine lokale SIM-Karte w\u00fcnschen,<br \/>\nk\u00f6nnen wir eine kaufen und senden, bevor Sie nach Kroatien kommen.<\/li>\n<li><strong>Kreditkarten<\/strong><br \/>\nKreditkarten &#8211; Visa, Master Card, Diners und American Express werden in ganz Kroatien allgemein akzeptiert.<br \/>\nBitte geben Sie niemandem Ihre Kreditkarte ohne Aufsicht und fragen Sie nach den Preisen,<br \/>\nbevor Sie etwas bezahlen.<\/li>\n<li><strong>W\u00e4hrung<\/strong><br \/>\nWir k\u00f6nnen Ihnen hier nicht weiterhelfen, aber wir finden die n\u00e4chste Wechselstube,<br \/>\nan der Sie Ihr Geld in kroatischen Kunas in lokaler W\u00e4hrung umtauschen k\u00f6nnen.<br \/>\nSie k\u00f6nnen es auch am Flughafen, bei Banken umtauschen und an jedem Geldautomaten in ganz Kroatien Kunas abholen. Nur zur Information: 1 Euro ist App. 7,3 kunas, also denk daran, wenn dich jemand.<br \/>\naufl\u00e4dt.<\/li>\n<li><strong>Tauch- und Schnorchelausr\u00fcstung<\/strong><br \/>\nZum Tauchen ben\u00f6tigen Sie eine Taucherlizenz, aber der Kurs kann von unserer Seite organisiert werden. Panzer und<br \/>\nPanzer und Schnorchelausr\u00fcstung Bitte teilen Sie uns<br \/>\nIhre W\u00fcnsche vor Ihrer Charter mit, um alle Anfragen zu erf\u00fcllen.<\/li>\n<li><strong>Hotelunterk\u00fcnfte<\/strong><br \/>\nWir k\u00f6nnen Ihnen bei der Organisation Ihrer Anfragen an Land behilflich sein. Wir arbeiten mit mehreren eigenen<br \/>\nHotels und Villen in ganz Kroatien und auf den Inseln zusammen, daher ist dies kein Problem.<\/li>\n<li><strong>Segeln lernen<\/strong><br \/>\nMieten Sie einen Skipper f\u00fcr einen Tag oder eine Woche, um Ihnen die Seile beizubringen! Bitte fordern Sie diesen Service<br \/>\nrechtzeitig vor Ihrer Charter an.<\/li>\n<li><strong>Bereitstellung<\/strong><br \/>\nBitte f\u00fcllen Sie Ihre Bereitstellungsanfragen einige Wochen vor Ihrem Chartertermin aus,<br \/>\ndamit Ihre Lebensmittel Sie auf dem Boot warten k\u00f6nnen, wenn Sie dort ankommen (daf\u00fcr zahlen Sie die Bereitstellungsgeb\u00fchr<br \/>\n+ Rechnung vom Supermarkt). Dies gilt nicht f\u00fcr Speiser\u00f6hren, da Sie f\u00fcr Speiser\u00f6hren aus dem Men\u00fc ausw\u00e4hlen k\u00f6nnen,<br \/>\nwas Sie essen m\u00f6chten, und sie alles f\u00fcr Sie einrichten.<\/li>\n<li><strong>Segelanforderungen<\/strong><br \/>\nF\u00fcr Bareboat-Charter wird ein g\u00fcltiges Segelzertifikat und ein Funkerzertifikat angefordert. Wir k\u00f6nnen Ihnen jedoch dabei helfen,<br \/>\ng\u00fcltige Zertifikate f\u00fcr Kroatien zu erhalten.<\/li>\n<li><strong>Skipper und K\u00f6che<\/strong><br \/>\nEiner oder beide sind gegen Aufpreis f\u00fcr eine beliebige Anzahl von Tagen erh\u00e4ltlich.<\/li>\n<\/ul>\n<p>[\/vc_toggle][\/vc_column][\/vc_row]<\/p>\n","protected":false},"excerpt":{"rendered":"<p>[vc_row][vc_column][vc_column_text]FAQ Im Folgenden k\u00f6nnen Sie unsere h\u00e4ufig gestellten Fragen lesen und eine Antwort finden, die Ihnen bei der Suche nach einem Schiff hilft. Sollten Sie weitere Fragen haben, k\u00f6nnen Sie sich gerne an uns wenden.[\/vc_column_text][\/vc_column][\/vc_row][vc_row][vc_column][vc_toggle title=&#8220;2. Wie buche ich ein Schiff?&#8220; style=&#8220;arrow&#8220;]Die Wahl des Schiffes h\u00e4ngt ganz von Ihren W\u00fcnschen und Vorlieben ab. Unser Angebot umfasst folgende Schiffstypen: Segelboote &#8211; ausgezeichnet f\u00fcr Familien- und Aktivurlaub (wenn Sie noch nie gesegelt sind und einen F\u00fchrerschein haben, empfehlen wir Ihnen, zum ersten Mal einen Skipper zu mieten) Katamarane &#8211; sehr stabil und komfortabel, es ist jetzt sehr beliebt, weil es viel Platz hat und wie eine Wohnung auf See ist Gulets &#8211; nutzen Sie die Kraft von Motor (mehr) und Segeln (weniger), um sich zu bewegen, die ausschlie\u00dflich von der Besatzung (Kapit\u00e4n, Seemann, Koch, Gastgeberin) gemietet werden.. Motorboote &#8211; f\u00fcr Speed-Segler Beachten Sie vor der Auswahl eines Schiffes die folgenden Angaben: Was [&hellip;]<\/p>\n","protected":false},"author":1,"featured_media":0,"parent":12116,"menu_order":1,"comment_status":"closed","ping_status":"closed","template":"","meta":{"footnotes":""},"class_list":["post-11961","page","type-page","status-publish","hentry"],"_links":{"self":[{"href":"https:\/\/yacht-explorer.com\/de\/wp-json\/wp\/v2\/pages\/11961","targetHints":{"allow":["GET"]}}],"collection":[{"href":"https:\/\/yacht-explorer.com\/de\/wp-json\/wp\/v2\/pages"}],"about":[{"href":"https:\/\/yacht-explorer.com\/de\/wp-json\/wp\/v2\/types\/page"}],"author":[{"embeddable":true,"href":"https:\/\/yacht-explorer.com\/de\/wp-json\/wp\/v2\/users\/1"}],"replies":[{"embeddable":true,"href":"https:\/\/yacht-explorer.com\/de\/wp-json\/wp\/v2\/comments?post=11961"}],"version-history":[{"count":3,"href":"https:\/\/yacht-explorer.com\/de\/wp-json\/wp\/v2\/pages\/11961\/revisions"}],"predecessor-version":[{"id":11965,"href":"https:\/\/yacht-explorer.com\/de\/wp-json\/wp\/v2\/pages\/11961\/revisions\/11965"}],"up":[{"embeddable":true,"href":"https:\/\/yacht-explorer.com\/de\/wp-json\/wp\/v2\/pages\/12116"}],"wp:attachment":[{"href":"https:\/\/yacht-explorer.com\/de\/wp-json\/wp\/v2\/media?parent=11961"}],"curies":[{"name":"wp","href":"https:\/\/api.w.org\/{rel}","templated":true}]}}