{"id":11971,"date":"2021-02-28T22:00:43","date_gmt":"2021-02-28T22:00:43","guid":{"rendered":"https:\/\/yacht-explorer.com\/bura-die-drama-koenigin\/"},"modified":"2021-02-28T22:00:43","modified_gmt":"2021-02-28T22:00:43","slug":"bura-die-drama-koenigin","status":"publish","type":"page","link":"https:\/\/yacht-explorer.com\/de\/winde-2\/bura-die-drama-koenigin\/","title":{"rendered":"Bura &#8211; Die Drama-K\u00f6nigin"},"content":{"rendered":"<p>[vc_row][vc_column]<div class=\"heading  header-underline align-center color-black subcolor-main transform-default icon-type-default heading-tag-h2\" id=\"like_sc_header_528970236\"><h2 class=\"header ltx-sr-id-like_sc_header_5289702361411578801 ltx-sr ltx-sr-effect-fade_in ltx-sr-el-block ltx-sr-delay-0 ltx-sr-duration-1000 ltx-sr-sequences-0\">Bura - The Drama Queen<\/h2><\/div>[\/vc_column][\/vc_row][vc_row][vc_column][vc_single_image image=&#8220;8257&#8243; img_size=&#8220;full&#8220; alignment=&#8220;center&#8220; style=&#8220;vc_box_shadow_3d&#8220; onclick=&#8220;zoom&#8220;][\/vc_column][\/vc_row][vc_row][vc_column][vc_column_text]<\/p>\n<div class=\"col-sm-12\">\n<div class=\"text text-center\">\n<p style=\"text-align: center\">Die Bura ist der heftigste Wind an der Ostk\u00fcste der Adria. Es zeichnet sich zu Recht durch die extremsten Beinamen aus, weil es pl\u00f6tzlich und sofort mit gro\u00dfer Kraft zu blasen beginnt, immer krampfhaft und aus einer Vielzahl von Richtungen, vom Norden (wenn es ein Verwandter der Tramontana ist) bis fast bis der Osten, wenn es bereits aus dem Quadranten in der N\u00e4he des S\u00fcdens weht.<\/p>\n<p style=\"text-align: center\">Auf jeder Pilotenkarte sind die Bereiche angegeben, in denen die B\u00f6en die gr\u00f6\u00dfte St\u00e4rke erreichen, was beim Segeln unbedingt zu beachten ist. Zum Gl\u00fcck f\u00fcr Bootsfahrer, insbesondere f\u00fcr Segler, hat die Winter-Bura, die B\u00f6en von bis zu 250 km \/ h (an der Stra\u00dfe Masleni\u010dko \u017ddrilo) erreichen kann, ein anderes, milderes Sommergesicht, das weit vom Extrem entfernt ist.<\/p>\n<p style=\"text-align: center\">Im Gegensatz zur Winter-Bura dauert die Sommer-Bura in der Regel nicht l\u00e4nger als drei Tage, und f\u00fcr erfahrene Segler bedeutet dies schnelles, adrenalinreiches Sportsegeln. Unerfahrene Segler sollten jedoch warten, bis ihre St\u00e4rke nachl\u00e4sst. Sowohl f\u00fcr Motorboote als auch f\u00fcr Motorboote sind diese wenigen Anweisungen und ihre Ph\u00e4nomene erw\u00e4hnenswert.<\/p>\n<p style=\"text-align: center\">Unabh\u00e4ngig davon, ob Sie in der N\u00e4he der K\u00fcste des Festlandes unter Bergketten segeln, hinter denen die Bura zum Leben erweckt wird, sollten Sie bedenken, dass sie nach ihrer Konfiguration die H\u00fcgel hinunter b\u00f6en. Wenn sich direkt an der K\u00fcste eine gr\u00f6\u00dfere Bucht befindet, befindet sich dar\u00fcber immer ein Gel\u00e4nde in Form eines Trichters, dh eines Buchstabens \u201eV\u201c. Genau in der Mitte, wo sich die beiden H\u00e4nge der Bura anschlie\u00dfen, wird die gr\u00f6\u00dfte Geschwindigkeit erreicht . Wenn Sie aus nordwestlicher Richtung zu einer solchen Bucht segeln, weht der Wind zuerst halb auf Ihrem Bug, wenn Sie sich vor der Bucht befinden, von der Seite, und wenn Sie vorbeigefahren sind, bl\u00e4st er pl\u00f6tzlich halb weiter dein Heck!<\/p>\n<p style=\"text-align: center\">Die Bura verbreitet sich also wie ein Fan aus jeder solchen Bucht. Je gr\u00f6\u00dfer die Bucht, desto gr\u00f6\u00dfer der Gebl\u00e4se. Je weiter Sie von der K\u00fcste des Festlandes entfernt sind, desto gleichm\u00e4\u00dfiger wird die Kraftrichtung von der K\u00fcste zum offenen Meer. Dort sind die Wellen gr\u00f6\u00dfer, aber gleichm\u00e4\u00dfiger. Solch ein f\u00e4cherartiges Blasen, obwohl etwas weniger ausgepr\u00e4gt, kann auch auftreten, wenn Sie glauben, durch eine zweite oder sogar dritte Inselreihe (Kornati, Hvar\u2026) vor der Bura gesch\u00fctzt zu sein, und wenn Sie den Ort haben, an dem Sie es beabsichtigt haben Um ein etwas gr\u00f6\u00dferes Trichtertal zu verankern, k\u00f6nnen Sie sicher sein, dass die Bura dort st\u00e4rker ist als dort, wo die Konfiguration des Gel\u00e4ndes nicht so ist. Am zweiten oder dritten Tag des Blasens sind bestimmte Gew\u00e4sser f\u00fcr das Segeln \u00e4u\u00dferst schwierig, nicht nur wegen der Bura, sondern auch wegen des Zusammenpralls von Meeresstr\u00f6mungen, die sich in die entgegengesetzte Richtung des Blasens bewegen, oder wegen der pl\u00f6tzlichen \u00c4nderungen in der Tiefe von das Meer.<\/p>\n<\/div>\n<\/div>\n<p>[\/vc_column_text][\/vc_column][\/vc_row][vc_row][vc_column][vc_empty_space][\/vc_column][\/vc_row][vc_row][vc_column][vc_single_image image=&#8220;8282&#8243; img_size=&#8220;full&#8220; alignment=&#8220;center&#8220; style=&#8220;vc_box_shadow_3d&#8220;][\/vc_column][\/vc_row][vc_row][vc_column][vc_column_text]<\/p>\n<div class=\"col-sm-12\">\n<div class=\"text text-center\">\n<p style=\"text-align: center\"><span style=\"font-size: 12pt\">Das Wasser zwischen der Insel Krk und Rab ist extrem windig (die Senj Bura, die dort weht, ist eine der st\u00e4rksten an der Adria) sowie s\u00fcd\u00f6stlich von Ilovik in Richtung Silba und Premuda, wo aus dem Kanal und aktuellen gro\u00dfen Wellen entstehen wegen der Bura. Aus dem gleichen Grund sowie der Kollision des Senj Bura und der Pag-K\u00e4mme, die vom Punkt der Insel Pag durch den Durchgang zwischen Festland und S\u00fcdosten platzen, ist das Meer auch s\u00fcd\u00f6stlich der Insel Silba sehr wellig und dort kreuzen sich auch die Wellen. Im seichten Wasser der Pirovac-Bucht und bis zur Insel Vrgada ist die Bura sehr stark, es gibt jedoch keine gro\u00dfen, nur kurzen Wellen voller Meerschaum, die sich \u00fcber dem Meer erheben.<\/span><\/p>\n<p style=\"text-align: center\"><span style=\"font-size: 12pt\">Die \u0160ibenik Bura ist so stark, dass sie weit ins offene Meer hineinreicht und gro\u00dfe Wellen entlang der Nordk\u00fcste von Vis und in den Vis-Kanal schaufelt. Die Vrulja Bura, die in den weiten Gew\u00e4ssern von Split bis s\u00fcdlich von Makarska weht, ist entlang der K\u00fcste von Bra\u010d und Hvar sehr gef\u00e4hrlich und bl\u00e4st auch heftig im Kanal zwischen diesen beiden Inseln. Die Vrulja Bura, die in den weiten Gew\u00e4ssern von Split bis s\u00fcdlich von Makarska weht, ist entlang der K\u00fcste von Bra\u010d und Hvar sehr gef\u00e4hrlich und bl\u00e4st auch heftig im Kanal zwischen diesen beiden Inseln.<\/span><\/p>\n<p style=\"text-align: center\"><span style=\"font-size: 12pt\">Die Vrulja Bura, die in den weiten Gew\u00e4ssern von Split bis s\u00fcdlich von Makarska weht, ist entlang der K\u00fcste von Bra\u010d und Hvar sehr gef\u00e4hrlich und bl\u00e4st auch heftig im Kanal zwischen diesen beiden Inseln. Dann l\u00e4sst es leicht nach und ist f\u00fcr die n\u00e4chsten zwei bis drei Stunden ab etwa Mittag am schw\u00e4chsten. (Es wird gesagt: &#8222;Die Bura ist zum Mittagessen gegangen&#8220;). F\u00fcr diese kurze Zeit f\u00fcr diejenigen, die nicht bei starkem Wind und gro\u00dfen Wellen segeln m\u00f6chten, aber in einen besseren Schutz umziehen oder einfach nur ihre Umgebung \u00e4ndern m\u00f6chten, ist dies der richtige Zeitpunkt, um mit dem Segeln zu beginnen.<\/span><\/p>\n<p style=\"text-align: center\"><span style=\"font-size: 12pt\">Es wird gesagt, dass die Bura ein gesunder Wind ist, weil sie Erfrischung bringt und die Luft reinigt, und die Tr\u00f6pfchen des Meeres, die sich weit entfernt von den K\u00fcsten der Inseln ausbreiten, sind ein sauberes Desinfektionsmittel. Dar\u00fcber hinaus ist der Seespray, der auf dem Gras verbleibt, auf dem die Schafe weiden, eine der Eigenschaften, die ihrem Fleisch und ihrer Milch das besondere Aroma verleihen, und tats\u00e4chlich ist die Insel Pag aufgrund der Bura f\u00fcr ihre Ber\u00fchmtheit ber\u00fchmt geworden K\u00e4se und Schafe, wie auch auf anderen Inseln, auf denen Schafe aufgezogen werden. Es wird auch f\u00fcr eine andere adriatische Delikatesse verwendet, Schinken, der in der Bura sowohl in Dalmatien als auch in Istrien getrocknet wird.<\/span><\/p>\n<\/div>\n<\/div>\n<p>[\/vc_column_text][\/vc_column][\/vc_row][vc_row][vc_column][vc_empty_space height=&#8220;50px&#8220;][vc_video link=&#8220;https:\/\/www.youtube.com\/watch?v=B2lpFhB_cqE&#8220; align=&#8220;center&#8220;][\/vc_column][\/vc_row][vc_row][vc_column][\/vc_column][\/vc_row]<\/p>\n","protected":false},"excerpt":{"rendered":"<p>[vc_row][vc_column][\/vc_column][\/vc_row][vc_row][vc_column][vc_single_image image=&#8220;8257&#8243; img_size=&#8220;full&#8220; alignment=&#8220;center&#8220; style=&#8220;vc_box_shadow_3d&#8220; onclick=&#8220;zoom&#8220;][\/vc_column][\/vc_row][vc_row][vc_column][vc_column_text] Die Bura ist der heftigste Wind an der Ostk\u00fcste der Adria. Es zeichnet sich zu Recht durch die extremsten Beinamen aus, weil es pl\u00f6tzlich und sofort mit gro\u00dfer Kraft zu blasen beginnt, immer krampfhaft und aus einer Vielzahl von Richtungen, vom Norden (wenn es ein Verwandter der Tramontana ist) bis fast bis der Osten, wenn es bereits aus dem Quadranten in der N\u00e4he des S\u00fcdens weht. Auf jeder Pilotenkarte sind die Bereiche angegeben, in denen die B\u00f6en die gr\u00f6\u00dfte St\u00e4rke erreichen, was beim Segeln unbedingt zu beachten ist. Zum Gl\u00fcck f\u00fcr Bootsfahrer, insbesondere f\u00fcr Segler, hat die Winter-Bura, die B\u00f6en von bis zu 250 km \/ h (an der Stra\u00dfe Masleni\u010dko \u017ddrilo) erreichen kann, ein anderes, milderes Sommergesicht, das weit vom Extrem entfernt ist. Im Gegensatz zur Winter-Bura dauert die Sommer-Bura in der Regel nicht l\u00e4nger als drei Tage, und f\u00fcr erfahrene Segler bedeutet [&hellip;]<\/p>\n","protected":false},"author":1,"featured_media":0,"parent":12208,"menu_order":0,"comment_status":"closed","ping_status":"closed","template":"","meta":{"footnotes":""},"class_list":["post-11971","page","type-page","status-publish","hentry"],"_links":{"self":[{"href":"https:\/\/yacht-explorer.com\/de\/wp-json\/wp\/v2\/pages\/11971","targetHints":{"allow":["GET"]}}],"collection":[{"href":"https:\/\/yacht-explorer.com\/de\/wp-json\/wp\/v2\/pages"}],"about":[{"href":"https:\/\/yacht-explorer.com\/de\/wp-json\/wp\/v2\/types\/page"}],"author":[{"embeddable":true,"href":"https:\/\/yacht-explorer.com\/de\/wp-json\/wp\/v2\/users\/1"}],"replies":[{"embeddable":true,"href":"https:\/\/yacht-explorer.com\/de\/wp-json\/wp\/v2\/comments?post=11971"}],"version-history":[{"count":3,"href":"https:\/\/yacht-explorer.com\/de\/wp-json\/wp\/v2\/pages\/11971\/revisions"}],"predecessor-version":[{"id":11979,"href":"https:\/\/yacht-explorer.com\/de\/wp-json\/wp\/v2\/pages\/11971\/revisions\/11979"}],"up":[{"embeddable":true,"href":"https:\/\/yacht-explorer.com\/de\/wp-json\/wp\/v2\/pages\/12208"}],"wp:attachment":[{"href":"https:\/\/yacht-explorer.com\/de\/wp-json\/wp\/v2\/media?parent=11971"}],"curies":[{"name":"wp","href":"https:\/\/api.w.org\/{rel}","templated":true}]}}