{"id":11980,"date":"2021-02-28T22:07:31","date_gmt":"2021-02-28T22:07:31","guid":{"rendered":"https:\/\/yacht-explorer.com\/jugo-der-launische-koenig\/"},"modified":"2021-02-28T22:07:31","modified_gmt":"2021-02-28T22:07:31","slug":"jugo-der-launische-koenig","status":"publish","type":"page","link":"https:\/\/yacht-explorer.com\/de\/winde-2\/jugo-der-launische-koenig\/","title":{"rendered":"Jugo &#8211; Der launische K\u00f6nig"},"content":{"rendered":"<p>[vc_row][vc_column]<div class=\"heading  header-underline align-center color-black subcolor-main transform-default icon-type-default heading-tag-h2\" id=\"like_sc_header_1864997982\"><h2 class=\"header ltx-sr-id-like_sc_header_18649979821347744552 ltx-sr ltx-sr-effect-fade_in ltx-sr-el-block ltx-sr-delay-0 ltx-sr-duration-1000 ltx-sr-sequences-0\">Jugo - The Moody King<\/h2><\/div>[\/vc_column][\/vc_row][vc_row][vc_column][vc_single_image image=&#8220;8312&#8243; img_size=&#8220;full&#8220; alignment=&#8220;center&#8220;][\/vc_column][\/vc_row][vc_row][vc_column][vc_column_text]<\/p>\n<p style=\"text-align: center\">Wenn man sagen k\u00f6nnte, dass die Bura ein w\u00fctender Wind ist und dass sie auch so stark weht, dass sie f\u00fcr Bootsfahrer gef\u00e4hrlich ist (was zum Gl\u00fcck haupts\u00e4chlich im Winter der Fall ist), k\u00f6nnte der zweite Hauptwind der Adria nicht den Wind bekommen das gleiche Epitheton, aber w\u00e4hrend des Segelns kann es einige Arten von Problemen verursachen, es passt unbestreitbar.<\/p>\n<p style=\"text-align: center\">Der Wind an der Adria, der tats\u00e4chlich aus dem S\u00fcdosten weht, wird Jugo genannt und sollte nicht mit dem Wind verwechselt werden, der wirklich aus dem S\u00fcden weht, daher aus der Richtung des Nordens, der O\u0161tro oder \u201eechter Jugo\u201c genannt wird. und hat die gleichen Eigenschaften und kann h\u00e4ufig von einem zum anderen \u00fcbergehen. Um diesen Unterschied hervorzuheben, nennen die Einwohner von Dubrovnik und die Einwohner der s\u00fcdlichen Adria diesen Wind \u0160ilok.<\/p>\n<p style=\"text-align: center\">Es kommt zu jeder Jahreszeit vor, an der n\u00f6rdlichen Adria am h\u00e4ufigsten im Fr\u00fchjahr und im S\u00fcden im Herbst und Winter. Im Allgemeinen ist es im S\u00fcden h\u00e4ufiger als im Norden der Adria. Der Jugo bringt W\u00e4rme, einen Druckabfall, meist hohe Luftfeuchtigkeit, Wolken und Regen, gefolgt von Donner. All dies beeinflusst die Stimmung und da es normalerweise lange dauert, werden die Menschen von einem totalen <em>\u201eFjaka\u201c<\/em> \u00fcberw\u00e4ltigt, vom italienischen Wort <em>\u201eFiacca\u201c<\/em>, was \u201eM\u00fcdigkeit\u201c oder \u201eLustlosigkeit\u201c bedeutet. Diese Art von Jugo ist zyklonal (das Zentrum des Zyklons befindet sich zu dieser Zeit im westlichen Mittelmeerraum) und bl\u00e4st am h\u00e4ufigsten im Winter. Ein antizyklonaler Jugo ist charakteristisch f\u00fcr den Fr\u00fchling und wird im s\u00fcdlichen Teil der Balkanhalbinsel geboren. Diese Art von Jugo bringt keinen Regen, wird jedoch mit Sonnenaufgang st\u00e4rker und stirbt gegen Sonnenuntergang ab<\/p>\n<p style=\"text-align: center\">Die Jugo startet nicht pl\u00f6tzlich wie die Bura, sondern normalerweise allm\u00e4hlich \u00fcber einen Tag, zwei und sogar drei, um mehr Kraft zu gewinnen. W\u00e4hrend eines \u201ejungen\u201c Jugo-Segelns ist es also ausgezeichnet, selbst wenn es st\u00e4rker wird, und f\u00fcr diejenigen, denen es geh\u00f6rt Schl\u00e4ge \u00fcberm\u00e4\u00dfig, sie haben immer genug Zeit, um Schutz zu finden, bis es sich selbst ausbl\u00e4st. Im Gegensatz zur Bura, die in B\u00f6en weht, ist die Jugo ein gleichm\u00e4\u00dfiger Wind. Es kann zu jeder Tageszeit zu blasen beginnen, beginnt jedoch normalerweise morgens zu blasen. Es ist zu erwarten, dass es nachmittags oder abends aufh\u00f6rt.<\/p>\n<p style=\"text-align: center\">Von der \u00e4u\u00dferen offenen Meerseite entlang der K\u00fcstenlinie der Inseln wirft der Jugo gro\u00dfe Wellen auf, w\u00e4hrend in den engen Kan\u00e4len zwischen den Inseln und in gro\u00dfen Buchten (Vela Luka, Stari Grad, Mali Lo\u0161inj\u2026) keine gro\u00dfen Wellen auftreten, die jedoch zunehmen zus\u00e4tzliche Geschwindigkeit. In den breiteren Kan\u00e4len, wie zwischen Dugi Otok, Ugljan und Pa\u0161man und \u00e4hnlichen Landschaften, ist es m\u00f6glich, durch Segeln entlang Dugi Otok bis zu einem gewissen Grad ohne gro\u00dfe Wellen, aber dann mit gelegentlichen B\u00f6en aufgrund der Konfiguration der Inseln, zu \u201ekriechen\u201c.<\/p>\n<p>[\/vc_column_text][\/vc_column][\/vc_row][vc_row][vc_column][vc_empty_space][vc_video link=&#8220;https:\/\/www.youtube.com\/watch?v=vzWCjMckQWo&#8220; align=&#8220;center&#8220;][\/vc_column][\/vc_row]<\/p>\n","protected":false},"excerpt":{"rendered":"<p>[vc_row][vc_column][\/vc_column][\/vc_row][vc_row][vc_column][vc_single_image image=&#8220;8312&#8243; img_size=&#8220;full&#8220; alignment=&#8220;center&#8220;][\/vc_column][\/vc_row][vc_row][vc_column][vc_column_text] Wenn man sagen k\u00f6nnte, dass die Bura ein w\u00fctender Wind ist und dass sie auch so stark weht, dass sie f\u00fcr Bootsfahrer gef\u00e4hrlich ist (was zum Gl\u00fcck haupts\u00e4chlich im Winter der Fall ist), k\u00f6nnte der zweite Hauptwind der Adria nicht den Wind bekommen das gleiche Epitheton, aber w\u00e4hrend des Segelns kann es einige Arten von Problemen verursachen, es passt unbestreitbar. Der Wind an der Adria, der tats\u00e4chlich aus dem S\u00fcdosten weht, wird Jugo genannt und sollte nicht mit dem Wind verwechselt werden, der wirklich aus dem S\u00fcden weht, daher aus der Richtung des Nordens, der O\u0161tro oder \u201eechter Jugo\u201c genannt wird. und hat die gleichen Eigenschaften und kann h\u00e4ufig von einem zum anderen \u00fcbergehen. Um diesen Unterschied hervorzuheben, nennen die Einwohner von Dubrovnik und die Einwohner der s\u00fcdlichen Adria diesen Wind \u0160ilok. Es kommt zu jeder Jahreszeit vor, an der n\u00f6rdlichen Adria am h\u00e4ufigsten im Fr\u00fchjahr [&hellip;]<\/p>\n","protected":false},"author":1,"featured_media":0,"parent":12208,"menu_order":2,"comment_status":"closed","ping_status":"closed","template":"","meta":{"footnotes":""},"class_list":["post-11980","page","type-page","status-publish","hentry"],"_links":{"self":[{"href":"https:\/\/yacht-explorer.com\/de\/wp-json\/wp\/v2\/pages\/11980","targetHints":{"allow":["GET"]}}],"collection":[{"href":"https:\/\/yacht-explorer.com\/de\/wp-json\/wp\/v2\/pages"}],"about":[{"href":"https:\/\/yacht-explorer.com\/de\/wp-json\/wp\/v2\/types\/page"}],"author":[{"embeddable":true,"href":"https:\/\/yacht-explorer.com\/de\/wp-json\/wp\/v2\/users\/1"}],"replies":[{"embeddable":true,"href":"https:\/\/yacht-explorer.com\/de\/wp-json\/wp\/v2\/comments?post=11980"}],"version-history":[{"count":3,"href":"https:\/\/yacht-explorer.com\/de\/wp-json\/wp\/v2\/pages\/11980\/revisions"}],"predecessor-version":[{"id":11986,"href":"https:\/\/yacht-explorer.com\/de\/wp-json\/wp\/v2\/pages\/11980\/revisions\/11986"}],"up":[{"embeddable":true,"href":"https:\/\/yacht-explorer.com\/de\/wp-json\/wp\/v2\/pages\/12208"}],"wp:attachment":[{"href":"https:\/\/yacht-explorer.com\/de\/wp-json\/wp\/v2\/media?parent=11980"}],"curies":[{"name":"wp","href":"https:\/\/api.w.org\/{rel}","templated":true}]}}