{"id":11987,"date":"2021-02-28T22:13:16","date_gmt":"2021-02-28T22:13:16","guid":{"rendered":"https:\/\/yacht-explorer.com\/maestral-die-gute-fee\/"},"modified":"2021-02-28T22:13:17","modified_gmt":"2021-02-28T22:13:17","slug":"maestral-die-gute-fee","status":"publish","type":"page","link":"https:\/\/yacht-explorer.com\/de\/winde-2\/maestral-die-gute-fee\/","title":{"rendered":"Maestral &#8211; Die gute Fee"},"content":{"rendered":"<p>[vc_row][vc_column]<div class=\"heading  header-underline align-center color-black subcolor-main transform-default icon-type-default heading-tag-h2\" id=\"like_sc_header_1410066493\"><h2 class=\"header ltx-sr-id-like_sc_header_1410066493958843458 ltx-sr ltx-sr-effect-fade_in ltx-sr-el-block ltx-sr-delay-0 ltx-sr-duration-1000 ltx-sr-sequences-0\">Maestral - The Good Fairy<\/h2><\/div>[\/vc_column][\/vc_row][vc_row][vc_column][vc_single_image image=&#8220;8317&#8243; img_size=&#8220;full&#8220; alignment=&#8220;center&#8220;][\/vc_column][\/vc_row][vc_row][vc_column][vc_column_text]<\/p>\n<p style=\"text-align: center\">Sie nennen den Maestral immer noch &#8222;den guten Wind&#8220;, den Freund der Seeleute, haupts\u00e4chlich der Seeleute. Es ist ein Sommerwind, der die Hitze senkt, und deshalb m\u00f6gen es Winzer, weil er die Weinberge abk\u00fchlt, insbesondere die an den S\u00fcdh\u00e4ngen, die der lang anhaltenden Sonne ausgesetzt sind, und auch die Bildung von Krankheiten auf dem Weinberg verhindert Trauben.<\/p>\n<p style=\"text-align: center\">Es ist am st\u00e4rksten im Juli und August. Es tritt aufgrund der Temperaturunterschiede zwischen Land und Meer auf, so dass es ein thermischer Wind ist, der vom Meer in Richtung Land weht. Der Maestral \u201efolgt\u201c dem Weg der Sonne und \u00e4ndert daher vom Morgen, wenn er als S\u00fcdost beginnt, bis zum Nachmittag seine Richtung und wenn er sich stabilisiert, bl\u00e4st er aus Nordwestrichtung.<\/p>\n<p style=\"text-align: center\">Der Maestral \u201efolgt\u201c dem Weg der Sonne und \u00e4ndert daher vom Morgen, wenn er als S\u00fcdost beginnt, bis zum Nachmittag seine Richtung und wenn er sich stabilisiert, bl\u00e4st er aus Nordwestrichtung. Seine St\u00e4rke w\u00e4chst allm\u00e4hlich bis zu einem gelegentlichen Nachmittag in Mae\u0161tralun, wo es auch ein starker Wind ist, der mit einer Geschwindigkeit von mehr als 30 Knoten anfangen kann zu blasen. Typischerweise ist es in der zentralen und insbesondere in der s\u00fcdlichen Adria erheblich st\u00e4rker als in der n\u00f6rdlichen. Auf offener See hebt es gro\u00dfe Wellen an (zum Beispiel zwischen Hvar und Vis oder Kor\u010dula und Lastovo) und auf den Kan\u00e4len gewinnt es an Geschwindigkeit (zwischen Zadar und Ugljan, Bra\u010d und Hvar oder Kor\u010dula und Pelje\u0161ac).<\/p>\n<p style=\"text-align: center\">Es ist ideal, wenn es Sie vom Heck \u201edr\u00fcckt\u201c, und das Segeln erfordert etwas mehr Geschick, unabh\u00e4ngig davon, ob Sie mit einem Segelboot oder einem Motorboot segeln, zusammen mit dem obligatorischen Rollen. Aber es ist nicht immer so, es kann auch als schwacher Wind wehen, der den ganzen Tag etwas mehr als zehn Knoten erreicht. Manchmal, besonders in Kan\u00e4len, kann es auch verwirrend sein. Es kann sehr pl\u00f6tzlich von einem Startpunkt im S\u00fcdosten nach Nordwesten verlaufen, und so kollidiert es mit dem zweiten, obwohl das erste noch nicht einmal geendet hat.<\/p>\n<p style=\"text-align: center\">Das Fehlen des Maestral ist ein Zeichen daf\u00fcr, dass sich das Wetter \u00e4ndert. Normalerweise dreht sich der Wind nach einem Tag der Stille nach S\u00fcden, was eine Verschlechterung des Wetters bedeutet. Im Allgemeinen folgt eine gro\u00dfe \u00c4nderung des Wetters, wenn sich der Wind vom Land zum Meer (Burin, Bura) oder vom Meer zum Land nicht richtig \u00e4ndert.<\/p>\n<p>[\/vc_column_text][\/vc_column][\/vc_row][vc_row][vc_column][vc_empty_space][\/vc_column][\/vc_row]<\/p>\n","protected":false},"excerpt":{"rendered":"<p>[vc_row][vc_column][\/vc_column][\/vc_row][vc_row][vc_column][vc_single_image image=&#8220;8317&#8243; img_size=&#8220;full&#8220; alignment=&#8220;center&#8220;][\/vc_column][\/vc_row][vc_row][vc_column][vc_column_text] Sie nennen den Maestral immer noch &#8222;den guten Wind&#8220;, den Freund der Seeleute, haupts\u00e4chlich der Seeleute. Es ist ein Sommerwind, der die Hitze senkt, und deshalb m\u00f6gen es Winzer, weil er die Weinberge abk\u00fchlt, insbesondere die an den S\u00fcdh\u00e4ngen, die der lang anhaltenden Sonne ausgesetzt sind, und auch die Bildung von Krankheiten auf dem Weinberg verhindert Trauben. Es ist am st\u00e4rksten im Juli und August. Es tritt aufgrund der Temperaturunterschiede zwischen Land und Meer auf, so dass es ein thermischer Wind ist, der vom Meer in Richtung Land weht. Der Maestral \u201efolgt\u201c dem Weg der Sonne und \u00e4ndert daher vom Morgen, wenn er als S\u00fcdost beginnt, bis zum Nachmittag seine Richtung und wenn er sich stabilisiert, bl\u00e4st er aus Nordwestrichtung. Der Maestral \u201efolgt\u201c dem Weg der Sonne und \u00e4ndert daher vom Morgen, wenn er als S\u00fcdost beginnt, bis zum Nachmittag seine Richtung und wenn er sich [&hellip;]<\/p>\n","protected":false},"author":1,"featured_media":0,"parent":12208,"menu_order":1,"comment_status":"closed","ping_status":"closed","template":"","meta":{"footnotes":""},"class_list":["post-11987","page","type-page","status-publish","hentry"],"_links":{"self":[{"href":"https:\/\/yacht-explorer.com\/de\/wp-json\/wp\/v2\/pages\/11987","targetHints":{"allow":["GET"]}}],"collection":[{"href":"https:\/\/yacht-explorer.com\/de\/wp-json\/wp\/v2\/pages"}],"about":[{"href":"https:\/\/yacht-explorer.com\/de\/wp-json\/wp\/v2\/types\/page"}],"author":[{"embeddable":true,"href":"https:\/\/yacht-explorer.com\/de\/wp-json\/wp\/v2\/users\/1"}],"replies":[{"embeddable":true,"href":"https:\/\/yacht-explorer.com\/de\/wp-json\/wp\/v2\/comments?post=11987"}],"version-history":[{"count":3,"href":"https:\/\/yacht-explorer.com\/de\/wp-json\/wp\/v2\/pages\/11987\/revisions"}],"predecessor-version":[{"id":11993,"href":"https:\/\/yacht-explorer.com\/de\/wp-json\/wp\/v2\/pages\/11987\/revisions\/11993"}],"up":[{"embeddable":true,"href":"https:\/\/yacht-explorer.com\/de\/wp-json\/wp\/v2\/pages\/12208"}],"wp:attachment":[{"href":"https:\/\/yacht-explorer.com\/de\/wp-json\/wp\/v2\/media?parent=11987"}],"curies":[{"name":"wp","href":"https:\/\/api.w.org\/{rel}","templated":true}]}}