{"id":11994,"date":"2021-02-28T22:16:03","date_gmt":"2021-02-28T22:16:03","guid":{"rendered":"https:\/\/yacht-explorer.com\/levante-der-party-breaker\/"},"modified":"2021-02-28T22:16:04","modified_gmt":"2021-02-28T22:16:04","slug":"levante-der-party-breaker","status":"publish","type":"page","link":"https:\/\/yacht-explorer.com\/de\/winde-2\/levante-der-party-breaker\/","title":{"rendered":"Levante &#8211; Der Party Breaker"},"content":{"rendered":"<p>[vc_row][vc_column]<div class=\"heading  header-underline align-center color-black subcolor-main transform-default icon-type-default heading-tag-h2\" id=\"like_sc_header_1492590465\"><h2 class=\"header ltx-sr-id-like_sc_header_14925904651925344439 ltx-sr ltx-sr-effect-fade_in ltx-sr-el-block ltx-sr-delay-0 ltx-sr-duration-1000 ltx-sr-sequences-0\">Levant - The Party Breaker  <\/h2><\/div>[\/vc_column][\/vc_row][vc_row][vc_column][vc_single_image image=&#8220;8325&#8243; img_size=&#8220;full&#8220;][\/vc_column][\/vc_row][vc_row][vc_column][vc_column_text]<\/p>\n<p style=\"text-align: center\">Die Levante ist ein Wind aus dem Osten. Mit einem bew\u00f6lkten Himmel, feinem, lang anhaltendem Regen, stabiler Richtung und Kraft \u00e4hnelt es dem Jugo, und da es kaltes Wetter bringt, \u00e4hnelt es dem Bura.<\/p>\n<p style=\"text-align: center\">Diese Eigenschaften zwischen Jugo und Bura kommen im Sommer selten zum Ausdruck, wenn es ein stetiger Wind ist, der auch nicht so unangenehm ist.<\/p>\n<p>[\/vc_column_text][\/vc_column][\/vc_row]<\/p>\n","protected":false},"excerpt":{"rendered":"<p>[vc_row][vc_column][\/vc_column][\/vc_row][vc_row][vc_column][vc_single_image image=&#8220;8325&#8243; img_size=&#8220;full&#8220;][\/vc_column][\/vc_row][vc_row][vc_column][vc_column_text] Die Levante ist ein Wind aus dem Osten. Mit einem bew\u00f6lkten Himmel, feinem, lang anhaltendem Regen, stabiler Richtung und Kraft \u00e4hnelt es dem Jugo, und da es kaltes Wetter bringt, \u00e4hnelt es dem Bura. Diese Eigenschaften zwischen Jugo und Bura kommen im Sommer selten zum Ausdruck, wenn es ein stetiger Wind ist, der auch nicht so unangenehm ist. [\/vc_column_text][\/vc_column][\/vc_row]<\/p>\n","protected":false},"author":1,"featured_media":0,"parent":12208,"menu_order":4,"comment_status":"closed","ping_status":"closed","template":"","meta":{"footnotes":""},"class_list":["post-11994","page","type-page","status-publish","hentry"],"_links":{"self":[{"href":"https:\/\/yacht-explorer.com\/de\/wp-json\/wp\/v2\/pages\/11994","targetHints":{"allow":["GET"]}}],"collection":[{"href":"https:\/\/yacht-explorer.com\/de\/wp-json\/wp\/v2\/pages"}],"about":[{"href":"https:\/\/yacht-explorer.com\/de\/wp-json\/wp\/v2\/types\/page"}],"author":[{"embeddable":true,"href":"https:\/\/yacht-explorer.com\/de\/wp-json\/wp\/v2\/users\/1"}],"replies":[{"embeddable":true,"href":"https:\/\/yacht-explorer.com\/de\/wp-json\/wp\/v2\/comments?post=11994"}],"version-history":[{"count":3,"href":"https:\/\/yacht-explorer.com\/de\/wp-json\/wp\/v2\/pages\/11994\/revisions"}],"predecessor-version":[{"id":12000,"href":"https:\/\/yacht-explorer.com\/de\/wp-json\/wp\/v2\/pages\/11994\/revisions\/12000"}],"up":[{"embeddable":true,"href":"https:\/\/yacht-explorer.com\/de\/wp-json\/wp\/v2\/pages\/12208"}],"wp:attachment":[{"href":"https:\/\/yacht-explorer.com\/de\/wp-json\/wp\/v2\/media?parent=11994"}],"curies":[{"name":"wp","href":"https:\/\/api.w.org\/{rel}","templated":true}]}}