{"id":12001,"date":"2021-02-28T22:22:16","date_gmt":"2021-02-28T22:22:16","guid":{"rendered":"https:\/\/yacht-explorer.com\/ostro-der-arme-bote\/"},"modified":"2021-02-28T22:22:18","modified_gmt":"2021-02-28T22:22:18","slug":"ostro-der-arme-bote","status":"publish","type":"page","link":"https:\/\/yacht-explorer.com\/de\/winde-2\/ostro-der-arme-bote\/","title":{"rendered":"O\u0161tro &#8211; Der arme Bote"},"content":{"rendered":"<p>[vc_row][vc_column]<div class=\"heading  header-underline align-center color-black subcolor-main transform-default icon-type-default heading-tag-h2\" id=\"like_sc_header_1112700207\"><h2 class=\"header ltx-sr-id-like_sc_header_11127002071117039993 ltx-sr ltx-sr-effect-fade_in ltx-sr-el-block ltx-sr-delay-0 ltx-sr-duration-1000 ltx-sr-sequences-0\">O\u0161tro - The Poor Messenger<\/h2><\/div>[\/vc_column][\/vc_row][vc_row][vc_column][vc_single_image image=&#8220;8330&#8243; img_size=&#8220;full&#8220; alignment=&#8220;center&#8220;][\/vc_column][\/vc_row][vc_row][vc_column][vc_column_text]<\/p>\n<p style=\"text-align: center\">Der O\u0161tro ist ein Wind, der direkt aus dem S\u00fcden weht und alle Eigenschaften eines S\u00fcdwinds aufweist.<\/p>\n<p style=\"text-align: center\">Es erzeugt gro\u00dfe Wellen und bringt regnerisches und wolkiges Wetter. Dies ist normalerweise ein \u00dcbergangswind, wenn sich der Jugo in westlicher Richtung dreht, und es ist ein Zeichen f\u00fcr einen sehr unangenehmen Wind, Lebi\u0107.<\/p>\n<p>[\/vc_column_text][\/vc_column][\/vc_row][vc_row][vc_column][vc_empty_space][vc_video link=&#8220;https:\/\/www.youtube.com\/watch?v=p5yXlGJqtGg&#8220; align=&#8220;center&#8220;][\/vc_column][\/vc_row]<\/p>\n","protected":false},"excerpt":{"rendered":"<p>[vc_row][vc_column][\/vc_column][\/vc_row][vc_row][vc_column][vc_single_image image=&#8220;8330&#8243; img_size=&#8220;full&#8220; alignment=&#8220;center&#8220;][\/vc_column][\/vc_row][vc_row][vc_column][vc_column_text] Der O\u0161tro ist ein Wind, der direkt aus dem S\u00fcden weht und alle Eigenschaften eines S\u00fcdwinds aufweist. Es erzeugt gro\u00dfe Wellen und bringt regnerisches und wolkiges Wetter. Dies ist normalerweise ein \u00dcbergangswind, wenn sich der Jugo in westlicher Richtung dreht, und es ist ein Zeichen f\u00fcr einen sehr unangenehmen Wind, Lebi\u0107. [\/vc_column_text][\/vc_column][\/vc_row][vc_row][vc_column][vc_empty_space][vc_video link=&#8220;https:\/\/www.youtube.com\/watch?v=p5yXlGJqtGg&#8220; align=&#8220;center&#8220;][\/vc_column][\/vc_row]<\/p>\n","protected":false},"author":1,"featured_media":0,"parent":12208,"menu_order":3,"comment_status":"closed","ping_status":"closed","template":"","meta":{"footnotes":""},"class_list":["post-12001","page","type-page","status-publish","hentry"],"_links":{"self":[{"href":"https:\/\/yacht-explorer.com\/de\/wp-json\/wp\/v2\/pages\/12001","targetHints":{"allow":["GET"]}}],"collection":[{"href":"https:\/\/yacht-explorer.com\/de\/wp-json\/wp\/v2\/pages"}],"about":[{"href":"https:\/\/yacht-explorer.com\/de\/wp-json\/wp\/v2\/types\/page"}],"author":[{"embeddable":true,"href":"https:\/\/yacht-explorer.com\/de\/wp-json\/wp\/v2\/users\/1"}],"replies":[{"embeddable":true,"href":"https:\/\/yacht-explorer.com\/de\/wp-json\/wp\/v2\/comments?post=12001"}],"version-history":[{"count":3,"href":"https:\/\/yacht-explorer.com\/de\/wp-json\/wp\/v2\/pages\/12001\/revisions"}],"predecessor-version":[{"id":12007,"href":"https:\/\/yacht-explorer.com\/de\/wp-json\/wp\/v2\/pages\/12001\/revisions\/12007"}],"up":[{"embeddable":true,"href":"https:\/\/yacht-explorer.com\/de\/wp-json\/wp\/v2\/pages\/12208"}],"wp:attachment":[{"href":"https:\/\/yacht-explorer.com\/de\/wp-json\/wp\/v2\/media?parent=12001"}],"curies":[{"name":"wp","href":"https:\/\/api.w.org\/{rel}","templated":true}]}}