{"id":12008,"date":"2021-02-28T22:25:35","date_gmt":"2021-02-28T22:25:35","guid":{"rendered":"https:\/\/yacht-explorer.com\/lebic-die-boese-hexe\/"},"modified":"2021-02-28T22:25:36","modified_gmt":"2021-02-28T22:25:36","slug":"lebic-die-boese-hexe","status":"publish","type":"page","link":"https:\/\/yacht-explorer.com\/de\/winde-2\/lebic-die-boese-hexe\/","title":{"rendered":"Lebi\u0107 &#8211; Die b\u00f6se Hexe"},"content":{"rendered":"<p>[vc_row][vc_column]<div class=\"heading  header-underline align-center color-black subcolor-main transform-default icon-type-default heading-tag-h2\" id=\"like_sc_header_1960921415\"><h2 class=\"header ltx-sr-id-like_sc_header_19609214152143162518 ltx-sr ltx-sr-effect-fade_in ltx-sr-el-block ltx-sr-delay-0 ltx-sr-duration-1000 ltx-sr-sequences-0\">Lebi\u0107 - The Evil Witch  <\/h2><\/div>[\/vc_column][\/vc_row][vc_row][vc_column][vc_single_image image=&#8220;8338&#8243; img_size=&#8220;full&#8220;][\/vc_column][\/vc_row][vc_row][vc_column][vc_column_text]<\/p>\n<p style=\"text-align: center\">Der Lebi\u0107 ist einer der unangenehmsten Winde der Adria, vor allem weil viele H\u00e4fen und Buchten ihm ausgesetzt sind. Der Lebi\u0107 ist ein Wind, der aus dem S\u00fcdwesten weht, und an einigen Stellen nennt man ihn Garbin oder Grbin.<\/p>\n<p style=\"text-align: center\">Es weht bei bew\u00f6lktem Himmel und wird von Regen oder kurzen Schauern gefolgt. W\u00e4hrend des Segelns ist es besonders unangenehm, weil es gro\u00dfe Wellen erzeugt, die mit denen zusammensto\u00dfen, die nach dem Jugo \u00fcbrig bleiben.<\/p>\n<p style=\"text-align: center\">Es weht am h\u00e4ufigsten entlang der Westk\u00fcste Istriens, und es ist obligatorisch, an den K\u00fcsten, die dem offenen Meer ausgesetzt sind, Schutz zu suchen.<\/p>\n<p>[\/vc_column_text][\/vc_column][\/vc_row]<\/p>\n","protected":false},"excerpt":{"rendered":"<p>[vc_row][vc_column][\/vc_column][\/vc_row][vc_row][vc_column][vc_single_image image=&#8220;8338&#8243; img_size=&#8220;full&#8220;][\/vc_column][\/vc_row][vc_row][vc_column][vc_column_text] Der Lebi\u0107 ist einer der unangenehmsten Winde der Adria, vor allem weil viele H\u00e4fen und Buchten ihm ausgesetzt sind. Der Lebi\u0107 ist ein Wind, der aus dem S\u00fcdwesten weht, und an einigen Stellen nennt man ihn Garbin oder Grbin. Es weht bei bew\u00f6lktem Himmel und wird von Regen oder kurzen Schauern gefolgt. W\u00e4hrend des Segelns ist es besonders unangenehm, weil es gro\u00dfe Wellen erzeugt, die mit denen zusammensto\u00dfen, die nach dem Jugo \u00fcbrig bleiben. Es weht am h\u00e4ufigsten entlang der Westk\u00fcste Istriens, und es ist obligatorisch, an den K\u00fcsten, die dem offenen Meer ausgesetzt sind, Schutz zu suchen. [\/vc_column_text][\/vc_column][\/vc_row]<\/p>\n","protected":false},"author":1,"featured_media":0,"parent":12208,"menu_order":5,"comment_status":"closed","ping_status":"closed","template":"","meta":{"footnotes":""},"class_list":["post-12008","page","type-page","status-publish","hentry"],"_links":{"self":[{"href":"https:\/\/yacht-explorer.com\/de\/wp-json\/wp\/v2\/pages\/12008","targetHints":{"allow":["GET"]}}],"collection":[{"href":"https:\/\/yacht-explorer.com\/de\/wp-json\/wp\/v2\/pages"}],"about":[{"href":"https:\/\/yacht-explorer.com\/de\/wp-json\/wp\/v2\/types\/page"}],"author":[{"embeddable":true,"href":"https:\/\/yacht-explorer.com\/de\/wp-json\/wp\/v2\/users\/1"}],"replies":[{"embeddable":true,"href":"https:\/\/yacht-explorer.com\/de\/wp-json\/wp\/v2\/comments?post=12008"}],"version-history":[{"count":3,"href":"https:\/\/yacht-explorer.com\/de\/wp-json\/wp\/v2\/pages\/12008\/revisions"}],"predecessor-version":[{"id":12014,"href":"https:\/\/yacht-explorer.com\/de\/wp-json\/wp\/v2\/pages\/12008\/revisions\/12014"}],"up":[{"embeddable":true,"href":"https:\/\/yacht-explorer.com\/de\/wp-json\/wp\/v2\/pages\/12208"}],"wp:attachment":[{"href":"https:\/\/yacht-explorer.com\/de\/wp-json\/wp\/v2\/media?parent=12008"}],"curies":[{"name":"wp","href":"https:\/\/api.w.org\/{rel}","templated":true}]}}