{"id":12015,"date":"2021-02-28T22:27:05","date_gmt":"2021-02-28T22:27:05","guid":{"rendered":"https:\/\/yacht-explorer.com\/tramontana-mister-feelgood\/"},"modified":"2021-02-28T22:27:06","modified_gmt":"2021-02-28T22:27:06","slug":"tramontana-mister-feelgood","status":"publish","type":"page","link":"https:\/\/yacht-explorer.com\/de\/winde-2\/tramontana-mister-feelgood\/","title":{"rendered":"Tramontana &#8211; Mister Feelgood"},"content":{"rendered":"<p>[vc_row][vc_column]<div class=\"heading  header-underline align-center color-black subcolor-main transform-default icon-type-default heading-tag-h2\" id=\"like_sc_header_1406903252\"><h2 class=\"header ltx-sr-id-like_sc_header_14069032521875136924 ltx-sr ltx-sr-effect-fade_in ltx-sr-el-block ltx-sr-delay-0 ltx-sr-duration-1000 ltx-sr-sequences-0\">Tramontana - Mr Feelgood<\/h2><\/div>[\/vc_column][\/vc_row][vc_row][vc_column][vc_single_image image=&#8220;8350&#8243; img_size=&#8220;full&#8220; alignment=&#8220;center&#8220;][\/vc_column][\/vc_row][vc_row][vc_column][vc_column_text]<\/p>\n<p style=\"text-align: center\">Die Tramontana ist ein gek\u00fchlter Nordwind, der sch\u00f6nes Wetter ank\u00fcndigt. Es weht normalerweise nach der Bura oder Regen aus den Bergen und hat die Eigenschaften der Bura, ist jedoch ein gleichm\u00e4\u00dfiger Wind ohne B\u00f6en und hat eine meist stabile Nordrichtung.<\/p>\n<p style=\"text-align: center\">Es bl\u00e4st nicht so stark wie die Bura, aber je weiter es von der K\u00fcste entfernt ist, desto gr\u00f6\u00dfere Wellen werden erzeugt. Im Extremfall, besonders auf offener See, kann es sehr heftig blasen, genau wie die Bura.<\/p>\n<p>[\/vc_column_text][\/vc_column][\/vc_row][vc_row][vc_column][vc_empty_space][vc_video link=&#8220;https:\/\/www.youtube.com\/watch?v=HafzKDba3K0&#8243; align=&#8220;center&#8220;][\/vc_column][\/vc_row]<\/p>\n","protected":false},"excerpt":{"rendered":"<p>[vc_row][vc_column][\/vc_column][\/vc_row][vc_row][vc_column][vc_single_image image=&#8220;8350&#8243; img_size=&#8220;full&#8220; alignment=&#8220;center&#8220;][\/vc_column][\/vc_row][vc_row][vc_column][vc_column_text] Die Tramontana ist ein gek\u00fchlter Nordwind, der sch\u00f6nes Wetter ank\u00fcndigt. Es weht normalerweise nach der Bura oder Regen aus den Bergen und hat die Eigenschaften der Bura, ist jedoch ein gleichm\u00e4\u00dfiger Wind ohne B\u00f6en und hat eine meist stabile Nordrichtung. Es bl\u00e4st nicht so stark wie die Bura, aber je weiter es von der K\u00fcste entfernt ist, desto gr\u00f6\u00dfere Wellen werden erzeugt. Im Extremfall, besonders auf offener See, kann es sehr heftig blasen, genau wie die Bura. [\/vc_column_text][\/vc_column][\/vc_row][vc_row][vc_column][vc_empty_space][vc_video link=&#8220;https:\/\/www.youtube.com\/watch?v=HafzKDba3K0&#8243; align=&#8220;center&#8220;][\/vc_column][\/vc_row]<\/p>\n","protected":false},"author":1,"featured_media":0,"parent":12208,"menu_order":6,"comment_status":"closed","ping_status":"closed","template":"","meta":{"footnotes":""},"class_list":["post-12015","page","type-page","status-publish","hentry"],"_links":{"self":[{"href":"https:\/\/yacht-explorer.com\/de\/wp-json\/wp\/v2\/pages\/12015","targetHints":{"allow":["GET"]}}],"collection":[{"href":"https:\/\/yacht-explorer.com\/de\/wp-json\/wp\/v2\/pages"}],"about":[{"href":"https:\/\/yacht-explorer.com\/de\/wp-json\/wp\/v2\/types\/page"}],"author":[{"embeddable":true,"href":"https:\/\/yacht-explorer.com\/de\/wp-json\/wp\/v2\/users\/1"}],"replies":[{"embeddable":true,"href":"https:\/\/yacht-explorer.com\/de\/wp-json\/wp\/v2\/comments?post=12015"}],"version-history":[{"count":3,"href":"https:\/\/yacht-explorer.com\/de\/wp-json\/wp\/v2\/pages\/12015\/revisions"}],"predecessor-version":[{"id":12021,"href":"https:\/\/yacht-explorer.com\/de\/wp-json\/wp\/v2\/pages\/12015\/revisions\/12021"}],"up":[{"embeddable":true,"href":"https:\/\/yacht-explorer.com\/de\/wp-json\/wp\/v2\/pages\/12208"}],"wp:attachment":[{"href":"https:\/\/yacht-explorer.com\/de\/wp-json\/wp\/v2\/media?parent=12015"}],"curies":[{"name":"wp","href":"https:\/\/api.w.org\/{rel}","templated":true}]}}