{"id":12022,"date":"2021-02-28T22:28:19","date_gmt":"2021-02-28T22:28:19","guid":{"rendered":"https:\/\/yacht-explorer.com\/pulenat-der-gefaehrliche-geist\/"},"modified":"2021-02-28T22:28:20","modified_gmt":"2021-02-28T22:28:20","slug":"pulenat-der-gefaehrliche-geist","status":"publish","type":"page","link":"https:\/\/yacht-explorer.com\/de\/winde-2\/pulenat-der-gefaehrliche-geist\/","title":{"rendered":"Pulenat &#8211; Der gef\u00e4hrliche Geist"},"content":{"rendered":"<p>[vc_row][vc_column]<div class=\"heading  header-underline align-center color-black subcolor-main transform-default icon-type-default heading-tag-h2\" id=\"like_sc_header_1708694615\"><h2 class=\"header ltx-sr-id-like_sc_header_17086946152009123618 ltx-sr ltx-sr-effect-fade_in ltx-sr-el-block ltx-sr-delay-0 ltx-sr-duration-1000 ltx-sr-sequences-0\">Pulenat - The Dangerous Mind  <\/h2><\/div>[\/vc_column][\/vc_row][vc_row][vc_column][vc_single_image image=&#8220;8343&#8243; img_size=&#8220;full&#8220; alignment=&#8220;center&#8220;][\/vc_column][\/vc_row][vc_row][vc_column][vc_column_text]<\/p>\n<p style=\"text-align: center\">Der Pulenat ist ein Wind aus dem Westen und am gef\u00e4hrlichsten, wenn der Jugo pl\u00f6tzlich die Richtung nach S\u00fcden bis nach Westen dreht.<\/p>\n<p style=\"text-align: center\">Obwohl es kurz und nicht zu stark bl\u00e4st, wirft es auf See gro\u00dfe Wellen eines ruhigen Meeres auf. Diese langen, gro\u00dfen Wellen, die pl\u00f6tzlich in den Kan\u00e4len und kleinen H\u00e4fen und Buchten wachsen, k\u00f6nnen manchmal gro\u00dfen Schaden anrichten.<\/p>\n<p style=\"text-align: center\">Nach diesem starken Westwind (auch als Pulentada bekannt) in der n\u00f6rdlichen Adria kann auch eine m\u00e4chtige Bura zu blasen beginnen.<\/p>\n<p>[\/vc_column_text][\/vc_column][\/vc_row][vc_row][vc_column][vc_empty_space][vc_video link=&#8220;https:\/\/www.youtube.com\/watch?v=EDE999ooQRk&#8220; align=&#8220;center&#8220;][\/vc_column][\/vc_row]<\/p>\n","protected":false},"excerpt":{"rendered":"<p>[vc_row][vc_column][\/vc_column][\/vc_row][vc_row][vc_column][vc_single_image image=&#8220;8343&#8243; img_size=&#8220;full&#8220; alignment=&#8220;center&#8220;][\/vc_column][\/vc_row][vc_row][vc_column][vc_column_text] Der Pulenat ist ein Wind aus dem Westen und am gef\u00e4hrlichsten, wenn der Jugo pl\u00f6tzlich die Richtung nach S\u00fcden bis nach Westen dreht. Obwohl es kurz und nicht zu stark bl\u00e4st, wirft es auf See gro\u00dfe Wellen eines ruhigen Meeres auf. Diese langen, gro\u00dfen Wellen, die pl\u00f6tzlich in den Kan\u00e4len und kleinen H\u00e4fen und Buchten wachsen, k\u00f6nnen manchmal gro\u00dfen Schaden anrichten. Nach diesem starken Westwind (auch als Pulentada bekannt) in der n\u00f6rdlichen Adria kann auch eine m\u00e4chtige Bura zu blasen beginnen. [\/vc_column_text][\/vc_column][\/vc_row][vc_row][vc_column][vc_empty_space][vc_video link=&#8220;https:\/\/www.youtube.com\/watch?v=EDE999ooQRk&#8220; align=&#8220;center&#8220;][\/vc_column][\/vc_row]<\/p>\n","protected":false},"author":1,"featured_media":0,"parent":12208,"menu_order":7,"comment_status":"closed","ping_status":"closed","template":"","meta":{"footnotes":""},"class_list":["post-12022","page","type-page","status-publish","hentry"],"_links":{"self":[{"href":"https:\/\/yacht-explorer.com\/de\/wp-json\/wp\/v2\/pages\/12022","targetHints":{"allow":["GET"]}}],"collection":[{"href":"https:\/\/yacht-explorer.com\/de\/wp-json\/wp\/v2\/pages"}],"about":[{"href":"https:\/\/yacht-explorer.com\/de\/wp-json\/wp\/v2\/types\/page"}],"author":[{"embeddable":true,"href":"https:\/\/yacht-explorer.com\/de\/wp-json\/wp\/v2\/users\/1"}],"replies":[{"embeddable":true,"href":"https:\/\/yacht-explorer.com\/de\/wp-json\/wp\/v2\/comments?post=12022"}],"version-history":[{"count":3,"href":"https:\/\/yacht-explorer.com\/de\/wp-json\/wp\/v2\/pages\/12022\/revisions"}],"predecessor-version":[{"id":12028,"href":"https:\/\/yacht-explorer.com\/de\/wp-json\/wp\/v2\/pages\/12022\/revisions\/12028"}],"up":[{"embeddable":true,"href":"https:\/\/yacht-explorer.com\/de\/wp-json\/wp\/v2\/pages\/12208"}],"wp:attachment":[{"href":"https:\/\/yacht-explorer.com\/de\/wp-json\/wp\/v2\/media?parent=12022"}],"curies":[{"name":"wp","href":"https:\/\/api.w.org\/{rel}","templated":true}]}}