{"id":12029,"date":"2021-03-01T06:12:09","date_gmt":"2021-03-01T06:12:09","guid":{"rendered":"https:\/\/yacht-explorer.com\/reiseziele\/"},"modified":"2021-03-02T17:19:19","modified_gmt":"2021-03-02T17:19:19","slug":"reiseziele","status":"publish","type":"page","link":"https:\/\/yacht-explorer.com\/de\/reiseziele\/","title":{"rendered":"Reiseziele"},"content":{"rendered":"<p>[vc_section full_width=&#8220;stretch_row_content&#8220; bg_overlay=&#8220;divider&#8220;][vc_row full_width=&#8220;stretch_row_content_no_spaces&#8220;][vc_column]<div class=\"slider-zoom  zoom-default  zoom-style-default  zoom-origin-center-center  overlay-dots  bullets-false  zoom-content-effect-fade-in  zoom-margin-top \" id=\"like_sc_zoom_slider_2065022984\" data-zs-prev=\"\" data-zs-next=\"\" data-zs-overlay=\"dots\" data-zs-initzoom=\"1.2\" data-zs-speed=\"20000\" data-zs-interval=\"8000\" data-zs-switchSpeed=\"7000\" data-zs-arrows=\"true\" data-zs-bullets=\"false\" data-zs-src='[&#34;https:\\\/\\\/yacht-explorer.com\\\/wp-content\\\/uploads\\\/2019\\\/01\\\/zadar-aleksandar-gospic_1-1.jpg&#34;,&#34;https:\\\/\\\/yacht-explorer.com\\\/wp-content\\\/uploads\\\/2019\\\/01\\\/sibenik-optimizirano-za-tisak-damir-fabijanic.jpg&#34;,&#34;https:\\\/\\\/yacht-explorer.com\\\/wp-content\\\/uploads\\\/2019\\\/01\\\/02-split-ivan-coric-1.jpg&#34;,&#34;https:\\\/\\\/yacht-explorer.com\\\/wp-content\\\/uploads\\\/2019\\\/01\\\/dubrovnik_ivo_biocina.jpg&#34;]'><div class=\"container ltx-zs-slider-wrapper\"><div class=\"ltx-zs-slider-inner  inited visible  ltx-zs-slide-0\" data-index=\"0\">[vc_row][vc_column][vc_empty_space height=\"450px\"][\/vc_column][\/vc_row]<\/div><div class=\"ltx-zs-slider-inner  ltx-zs-slide-1\" data-index=\"1\">[vc_row][vc_column][vc_empty_space height=\"450px\"][\/vc_column][\/vc_row]<\/div><div class=\"ltx-zs-slider-inner  ltx-zs-slide-2\" data-index=\"2\">[vc_row][vc_column][vc_empty_space height=\"450px\"][\/vc_column][\/vc_row]<\/div><div class=\"ltx-zs-slider-inner  ltx-zs-slide-3\" data-index=\"3\">[vc_row][vc_column][vc_empty_space height=\"450px\"][\/vc_column][\/vc_row]<\/div><\/div><\/div>[\/vc_column][\/vc_row][\/vc_section][vc_section full_width=&#8220;stretch_row_content&#8220; bg_color_select=&#8220;gray&#8220; bg_overlay=&#8220;divider&#8220; css=&#8220;.vc_custom_1600178913083{background-image: url(https:\/\/yacht-explorer.com\/wp-content\/uploads\/2018\/12\/services-bg-2.png?id=7744) !important;background-position: center !important;background-repeat: no-repeat !important;background-size: cover !important;}&#8220;][vc_row][vc_column]<div class=\"ltx-content-width col-align-center\" id=\"like_sc_content_width_158891611\" style=\"max-width: 1000px\"><div class=\"ltx-wrapper\">[vc_column_text]<\/p>\n<h2 class=\"header ltx-sr-id-like_sc_header_1322318636546261986 ltx-sr ltx-sr-effect-fade_in ltx-sr-el-block ltx-sr-delay-0 ltx-sr-duration-1000 ltx-sr-sequences-0\" style=\"text-align: center\" data-sr-id=\"1\">Wissen Sie, warum Kroatien<\/h2>\n<h4 class=\"header ltx-sr-id-like_sc_header_3669234832072972059 ltx-sr ltx-sr-effect-fade_in ltx-sr-el-block ltx-sr-delay-0 ltx-sr-duration-1000 ltx-sr-sequences-0\" style=\"text-align: center\" data-sr-id=\"2\">die kl\u00fcgste Wahl f\u00fcr Ihren n\u00e4chsten Urlaub ist?<\/h4>\n<div id=\"kpm-root\" class=\"kpm_LTR notranslate\"><\/div>\n<div id=\"kpm-root\" class=\"kpm_LTR notranslate\"><\/div>\n<p>[\/vc_column_text]<\/div><\/div><div class=\"ltx-content-width col-align-center\" id=\"like_sc_content_width_1056844950\" style=\"max-width: 1000px\"><div class=\"ltx-wrapper\">[vc_column_text]<\/p>\n<div class=\"col-sm-12\">\n<div class=\"text text-center\">\n<p style=\"text-align: center\"><span style=\"font-size: 14pt\">Eine einzigartige Vielfalt von Regionen in einem vergleichsweise kleinen Land bedeutet, dass Sie in Kroatien St\u00e4dte,<\/span> <span style=\"font-size: 14pt\">Berge und Inseln, W\u00e4lder und Str\u00e4nde in nur wenigen Tagen erleben k\u00f6nnen.<\/span><\/p>\n<\/div>\n<\/div>\n<div id=\"kpm-root\" class=\"kpm_LTR notranslate\"><\/div>\n<div id=\"kpm-root\" class=\"kpm_LTR notranslate\"><\/div>\n<p>[\/vc_column_text]<\/div><\/div>[\/vc_column][\/vc_row][vc_row][vc_column][vc_empty_space]<div class=\"services-sc  layout-slider ltx-style-gray\"  id=\"like_sc_services_1190803277\"><div class=\"swiper-container services-slider\" data-autoplay=\"0\" data-cols=\"3\">\r\n\t\t\t\t<div class=\"swiper-wrapper\">\t\t\t<div class=\"swiper-slide\" >\r\n\t\t\t\t<article data-mh=\"ltx-service\" id=\"post-13396\" class=\"post-13396 services type-services status-publish hentry services-category-destination\" >\r\n\t\t\t        <a href=\"https:\/\/yacht-explorer.com\/de\/services\/istra\/\">\r\n\t\t\t        \t<span class=\"image\">\r\n\t\t\t\t          \r\n\t\t\t\t        <\/span>\r\n\t\t\t        <\/a>\t\t\t\t        \t\t\t   \r\n\t\t\t        <a href=\"https:\/\/yacht-explorer.com\/de\/services\/istra\/\">\r\n\t\t\t        \t<h4 class=\"header\">\r\n\t\t\t        \t\tIstra\t\t\t\t        \t\r\n\t\t\t        \t<\/h4>\r\n\t\t\t        <\/a>\t\t\t\t        \t\t\t   \r\n\t\t\t\t\t<a href=\"https:\/\/yacht-explorer.com\/de\/services\/istra\/\" class=\"btn btn-xs\">Mehr sehen<\/a>\t\t\t\t        \t\r\n\t\t\t\t<\/article>\r\n\t\t\t<\/div>\r\n\t\t\t\t\t\t<div class=\"swiper-slide\" >\r\n\t\t\t\t<article data-mh=\"ltx-service\" id=\"post-13271\" class=\"post-13271 services type-services status-publish hentry services-category-destination\" >\r\n\t\t\t        <a href=\"https:\/\/yacht-explorer.com\/de\/services\/kvarner\/\">\r\n\t\t\t        \t<span class=\"image\">\r\n\t\t\t\t          \r\n\t\t\t\t        <\/span>\r\n\t\t\t        <\/a>\t\t\t\t        \t\t\t   \r\n\t\t\t        <a href=\"https:\/\/yacht-explorer.com\/de\/services\/kvarner\/\">\r\n\t\t\t        \t<h4 class=\"header\">\r\n\t\t\t        \t\tKvarner\t\t\t\t        \t\r\n\t\t\t        \t<\/h4>\r\n\t\t\t        <\/a>\t\t\t\t        \t\t\t   \r\n\t\t\t\t\t<a href=\"https:\/\/yacht-explorer.com\/de\/services\/kvarner\/\" class=\"btn btn-xs\">Mehr sehen<\/a>\t\t\t\t        \t\r\n\t\t\t\t<\/article>\r\n\t\t\t<\/div>\r\n\t\t\t\t\t\t<div class=\"swiper-slide\" >\r\n\t\t\t\t<article data-mh=\"ltx-service\" id=\"post-13236\" class=\"post-13236 services type-services status-publish hentry services-category-destination\" >\r\n\t\t\t        <a href=\"https:\/\/yacht-explorer.com\/de\/services\/dalmatien-zadar\/\">\r\n\t\t\t        \t<span class=\"image\">\r\n\t\t\t\t          \r\n\t\t\t\t        <\/span>\r\n\t\t\t        <\/a>\t\t\t\t        \t\t\t   \r\n\t\t\t        <a href=\"https:\/\/yacht-explorer.com\/de\/services\/dalmatien-zadar\/\">\r\n\t\t\t        \t<h4 class=\"header\">\r\n\t\t\t        \t\tDalmatien &#8211; Zadar\t\t\t\t        \t\r\n\t\t\t        \t<\/h4>\r\n\t\t\t        <\/a>\t\t\t\t        \t\t\t   \r\n\t\t\t\t\t<a href=\"https:\/\/yacht-explorer.com\/de\/services\/dalmatien-zadar\/\" class=\"btn btn-xs\">Mehr sehen<\/a>\t\t\t\t        \t\r\n\t\t\t\t<\/article>\r\n\t\t\t<\/div>\r\n\t\t\t\t\t\t<div class=\"swiper-slide\" >\r\n\t\t\t\t<article data-mh=\"ltx-service\" id=\"post-13132\" class=\"post-13132 services type-services status-publish hentry services-category-destination\" >\r\n\t\t\t        <a href=\"https:\/\/yacht-explorer.com\/de\/services\/dalmatia-sibenik\/\">\r\n\t\t\t        \t<span class=\"image\">\r\n\t\t\t\t          \r\n\t\t\t\t        <\/span>\r\n\t\t\t        <\/a>\t\t\t\t        \t\t\t   \r\n\t\t\t        <a href=\"https:\/\/yacht-explorer.com\/de\/services\/dalmatia-sibenik\/\">\r\n\t\t\t        \t<h4 class=\"header\">\r\n\t\t\t        \t\tDalmatia &#8211; \u0160ibenik\t\t\t\t        \t\r\n\t\t\t        \t<\/h4>\r\n\t\t\t        <\/a>\t\t\t\t        \t\t\t   \r\n\t\t\t\t\t<a href=\"https:\/\/yacht-explorer.com\/de\/services\/dalmatia-sibenik\/\" class=\"btn btn-xs\">Mehr sehen<\/a>\t\t\t\t        \t\r\n\t\t\t\t<\/article>\r\n\t\t\t<\/div>\r\n\t\t\t<\/div><div class=\"arrows\">\r\n\t\t\t\t<a href=\"#\" class=\"arrow-left fa fa-chevron-left\"><\/a>\r\n\t\t\t\t<a href=\"#\" class=\"arrow-right fa fa-chevron-right\"><\/a>\r\n\t\t\t<\/div><\/div><\/div>[\/vc_column][\/vc_row][\/vc_section][vc_section full_width=&#8220;stretch_row&#8220;][vc_row][vc_column]<div class=\"ltx-content-width col-align-center\" id=\"like_sc_content_width_1005292271\" style=\"max-width: 1000px\"><div class=\"ltx-wrapper\"><div class=\"heading  default align-center color-black subcolor-main transform-default icon-type-default heading-tag-h2\" id=\"like_sc_header_74868432\"><h2 class=\"header ltx-sr-id-like_sc_header_748684321779373481 ltx-sr ltx-sr-effect-fade_in ltx-sr-el-block ltx-sr-delay-0 ltx-sr-duration-1000 ltx-sr-sequences-0\">Beliebtes Yachtcharter-Ziel<\/h2><\/div><\/div><\/div>[vc_empty_space height=&#8220;50px&#8220;][\/vc_column][\/vc_row][vc_row full_width=&#8220;stretch_row_content&#8220;][vc_column][\/vc_column][\/vc_row][\/vc_section]<\/p>\n","protected":false},"excerpt":{"rendered":"<p>[vc_section full_width=&#8220;stretch_row_content&#8220; bg_overlay=&#8220;divider&#8220;][vc_row full_width=&#8220;stretch_row_content_no_spaces&#8220;][vc_column][\/vc_column][\/vc_row][\/vc_section][vc_section full_width=&#8220;stretch_row_content&#8220; bg_color_select=&#8220;gray&#8220; bg_overlay=&#8220;divider&#8220; css=&#8220;.vc_custom_1600178913083{background-image: url(https:\/\/yacht-explorer.com\/wp-content\/uploads\/2018\/12\/services-bg-2.png?id=7744) !important;background-position: center !important;background-repeat: no-repeat !important;background-size: cover !important;}&#8220;][vc_row][vc_column][\/vc_column][\/vc_row][vc_row][vc_column][vc_empty_space][\/vc_column][\/vc_row][\/vc_section][vc_section full_width=&#8220;stretch_row&#8220;][vc_row][vc_column][vc_empty_space height=&#8220;50px&#8220;][\/vc_column][\/vc_row][vc_row full_width=&#8220;stretch_row_content&#8220;][vc_column][\/vc_column][\/vc_row][\/vc_section]<\/p>\n","protected":false},"author":1,"featured_media":0,"parent":0,"menu_order":4,"comment_status":"closed","ping_status":"closed","template":"page-templates\/full-width.php","meta":{"footnotes":""},"class_list":["post-12029","page","type-page","status-publish","hentry"],"_links":{"self":[{"href":"https:\/\/yacht-explorer.com\/de\/wp-json\/wp\/v2\/pages\/12029","targetHints":{"allow":["GET"]}}],"collection":[{"href":"https:\/\/yacht-explorer.com\/de\/wp-json\/wp\/v2\/pages"}],"about":[{"href":"https:\/\/yacht-explorer.com\/de\/wp-json\/wp\/v2\/types\/page"}],"author":[{"embeddable":true,"href":"https:\/\/yacht-explorer.com\/de\/wp-json\/wp\/v2\/users\/1"}],"replies":[{"embeddable":true,"href":"https:\/\/yacht-explorer.com\/de\/wp-json\/wp\/v2\/comments?post=12029"}],"version-history":[{"count":11,"href":"https:\/\/yacht-explorer.com\/de\/wp-json\/wp\/v2\/pages\/12029\/revisions"}],"predecessor-version":[{"id":12252,"href":"https:\/\/yacht-explorer.com\/de\/wp-json\/wp\/v2\/pages\/12029\/revisions\/12252"}],"wp:attachment":[{"href":"https:\/\/yacht-explorer.com\/de\/wp-json\/wp\/v2\/media?parent=12029"}],"curies":[{"name":"wp","href":"https:\/\/api.w.org\/{rel}","templated":true}]}}