{"id":13452,"date":"2021-03-09T20:54:57","date_gmt":"2021-03-09T20:54:57","guid":{"rendered":"https:\/\/yacht-explorer.com\/schnellbootstour\/private-touren\/"},"modified":"2021-03-09T20:54:58","modified_gmt":"2021-03-09T20:54:58","slug":"private-touren","status":"publish","type":"page","link":"https:\/\/yacht-explorer.com\/de\/schnellbootstour\/private-touren\/","title":{"rendered":"Private Touren"},"content":{"rendered":"<p>[vc_section full_width=&#8220;stretch_row_content&#8220;][vc_row full_width=&#8220;stretch_row_content_no_spaces&#8220;][vc_column]<div class=\"slider-zoom  zoom-default  zoom-style-default  zoom-origin-center-center  overlay-false  bullets-false  zoom-content-effect-fade-top  zoom-margin-top \" id=\"like_sc_zoom_slider_1825753440\" data-zs-prev=\"\" data-zs-next=\"\" data-zs-overlay=\"false\" data-zs-initzoom=\"1.2\" data-zs-speed=\"80000\" data-zs-interval=\"80000\" data-zs-switchSpeed=\"7000\" data-zs-arrows=\"true\" data-zs-bullets=\"false\" data-zs-src='[&#34;https:\\\/\\\/yacht-explorer.com\\\/wp-content\\\/uploads\\\/2019\\\/02\\\/Aerial-view-of-Zlatni-Rat-beach-close-to-the-town-of-Bol-on-the-island-of-Brac-Croatia-1.jpg&#34;,&#34;https:\\\/\\\/yacht-explorer.com\\\/wp-content\\\/uploads\\\/2019\\\/02\\\/Aerial-view-of-Zlatni-Rat-beach-close-to-the-town-of-Bol-on-the-island-of-Brac-Croatia-1.jpg&#34;]'><div class=\"container ltx-zs-slider-wrapper\"><div class=\"ltx-zs-slider-inner  inited visible  ltx-zs-slide-0\" data-index=\"0\">[vc_section full_width=\"stretch_row_content\"][vc_row full_width=\"stretch_row_content_no_spaces\"][vc_column][vc_empty_space height=\"450px\"][\/vc_column][\/vc_row][\/vc_section]<\/div><div class=\"ltx-zs-slider-inner  ltx-zs-slide-1\" data-index=\"1\">[vc_section full_width=\"stretch_row_content\"][vc_row full_width=\"stretch_row_content_no_spaces\"][vc_column][vc_empty_space height=\"450px\"][\/vc_column][\/vc_row][\/vc_section]<\/div><\/div><\/div>[\/vc_column][\/vc_row][\/vc_section][vc_section full_width=&#8220;stretch_row_content&#8220; bg_color_select=&#8220;gray&#8220; bg_parallax=&#8220;static&#8220; css=&#8220;.vc_custom_1612040584234{background-image: url(https:\/\/yacht-explorer.com\/wp-content\/uploads\/2018\/12\/services-bg.png?id=7691) !important;}&#8220;][vc_row full_width=&#8220;stretch_row_content_no_spaces&#8220;][vc_column]<div class=\"heading  header-underline align-center color-black subcolor-main transform-default has-subheader icon-type-default   vc_custom_1612098752332 heading-tag-h2\" id=\"like_sc_header_1683393138\"><h4 class=\"subheader ltx-sr-id-like_sc_header_1683393138263525396 ltx-sr ltx-sr-effect-fade_in ltx-sr-el-block ltx-sr-delay-100 ltx-sr-duration-300 ltx-sr-sequences-50\">We offer<\/h4><h2 class=\"header ltx-sr-id-like_sc_header_16833931381283445982 ltx-sr ltx-sr-effect-fade_in ltx-sr-el-block ltx-sr-delay-0 ltx-sr-duration-1000 ltx-sr-sequences-0\">Private Tours<\/h2><\/div><div class=\"ltx-content-width col-align-center\" id=\"like_sc_content_width_2043268014\" style=\"max-width: 1000px\"><div class=\"ltx-wrapper\">[vc_column_text]<\/p>\n<p style=\"text-align: center\"><span style=\"font-size: 14pt\">Eine Tour nur f\u00fcr Sie und Ihre Gruppe, sonst niemand.<\/span><br \/>\n<span style=\"font-size: 14pt\">Perfekt f\u00fcr diejenigen, die eine intime und private Erfahrung w\u00fcnschen.<\/span><\/p>\n<p>[\/vc_column_text]<\/div><\/div>[\/vc_column][\/vc_row][\/vc_section][vc_section][vc_row][vc_column width=&#8220;1\/2&#8243;][vc_empty_space]<div class=\"heading  header-underline align-center color-black subcolor-main transform-default has-subheader icon-type-default   vc_custom_1612102146978 heading-tag-h2\" id=\"like_sc_header_714360206\"><h4 class=\"subheader ltx-sr-id-like_sc_header_714360206113965867 ltx-sr ltx-sr-effect-fade_in ltx-sr-el-block ltx-sr-delay-100 ltx-sr-duration-300 ltx-sr-sequences-50\">Private Tour<\/h4><h2 class=\"header ltx-sr-id-like_sc_header_7143602061451555283 ltx-sr ltx-sr-effect-fade_in ltx-sr-el-block ltx-sr-delay-0 ltx-sr-duration-1000 ltx-sr-sequences-0\">Blue Lagoon from Split<\/h2><\/div>[vc_column_text]Eine Bootsfahrt zur Blauen Lagune ist eine perfekte M\u00f6glichkeit, einen Tag mit Ihrer Familie zu verbringen, frischen Fisch zu essen und den ganzen Tag zu schwimmen. Besuchen Sie die attraktive Blaue Lagune mit ihrem kristallklaren Meer und die historische Stadt Trogir auf einem Schnellboot.[\/vc_column_text]<div class=\"btn-wrap align-center\"><a href=\"\"  class=\"btn  btn-default color-hover-black align-center\" id=\"like_sc_button_1901261928\">View Tour<\/a><\/div>[\/vc_column][vc_column width=&#8220;1\/2&#8243;][vc_single_image image=&#8220;12609&#8243; img_size=&#8220;full&#8220; alignment=&#8220;center&#8220; style=&#8220;vc_box_shadow_3d&#8220; onclick=&#8220;custom_link&#8220;][\/vc_column][\/vc_row][\/vc_section][vc_row][vc_column width=&#8220;1\/2&#8243;][vc_single_image image=&#8220;11573&#8243; img_size=&#8220;full&#8220; alignment=&#8220;center&#8220; style=&#8220;vc_box_shadow_3d&#8220;][\/vc_column][vc_column width=&#8220;1\/2&#8243;][vc_empty_space]<div class=\"heading  header-underline align-center color-black subcolor-main transform-default has-subheader icon-type-default   vc_custom_1612106215044 heading-tag-h2\" id=\"like_sc_header_1779735261\"><h4 class=\"subheader ltx-sr-id-like_sc_header_1779735261254612908 ltx-sr ltx-sr-effect-fade_in ltx-sr-el-block ltx-sr-delay-100 ltx-sr-duration-300 ltx-sr-sequences-50\">Private Tour<\/h4><h2 class=\"header ltx-sr-id-like_sc_header_17797352611169635729 ltx-sr ltx-sr-effect-fade_in ltx-sr-el-block ltx-sr-delay-0 ltx-sr-duration-1000 ltx-sr-sequences-0\">Blue Lagoon &amp; Rogoznica<\/h2><\/div>[vc_column_text]Eine Bootsfahrt zur Blauen Lagune ist eine perfekte M\u00f6glichkeit, einen Tag mit Ihrer Familie zu verbringen, frischen Fisch zu essen und den ganzen Tag zu schwimmen. Besuchen Sie die attraktive Blaue Lagune mit ihrem kristallklaren Meer und die historische Stadt Trogir auf einem Schnellboot.[\/vc_column_text]<div class=\"btn-wrap align-center\"><a href=\"\"  class=\"btn  btn-default color-hover-black align-center\" id=\"like_sc_button_1984246607\">View Tour<\/a><\/div>[\/vc_column][\/vc_row][vc_row][vc_column width=&#8220;1\/2&#8243;][vc_empty_space]<div class=\"heading  header-underline align-center color-black subcolor-main transform-default has-subheader icon-type-default   vc_custom_1612102183903 heading-tag-h2\" id=\"like_sc_header_1352433294\"><h4 class=\"subheader ltx-sr-id-like_sc_header_13524332941322609894 ltx-sr ltx-sr-effect-fade_in ltx-sr-el-block ltx-sr-delay-100 ltx-sr-duration-300 ltx-sr-sequences-50\">Private Tour<\/h4><h2 class=\"header ltx-sr-id-like_sc_header_1352433294564481146 ltx-sr ltx-sr-effect-fade_in ltx-sr-el-block ltx-sr-delay-0 ltx-sr-duration-1000 ltx-sr-sequences-0\">Island Bra\u010d &amp; Bol (Golden Cape)<\/h2><\/div>[vc_column_text]Die Insel Bra\u010d ist die gr\u00f6\u00dfte Insel Dalmatiens und die bev\u00f6lkerungsreichste Insel Kroatiens. Es liegt am n\u00e4chsten zum Festland und ist die perfekte Insel f\u00fcr eine kurze Bootsfahrt oder einen langen t\u00e4glichen Ausflug. Wenn Sie sich f\u00fcr eine private Tour \u00fcber Brac Island entscheiden, bringen wir Sie zu den wundersch\u00f6nen rustikalen Orten und erm\u00f6glichen Ihnen, in die perlblauen Buchten der Insel einzutauchen.[\/vc_column_text]<div class=\"btn-wrap align-center\"><a href=\"\"  class=\"btn  btn-default color-hover-black align-center\" id=\"like_sc_button_1058620321\">View Tour<\/a><\/div>[\/vc_column][vc_column width=&#8220;1\/2&#8243;][vc_single_image image=&#8220;11565&#8243; img_size=&#8220;full&#8220; alignment=&#8220;center&#8220; style=&#8220;vc_box_shadow_3d&#8220;][\/vc_column][\/vc_row][vc_row][vc_column width=&#8220;1\/2&#8243;][vc_single_image image=&#8220;12305&#8243; img_size=&#8220;full&#8220; alignment=&#8220;center&#8220; style=&#8220;vc_box_shadow_3d&#8220; onclick=&#8220;custom_link&#8220; inline=&#8220;inline&#8220; css=&#8220;.vc_custom_1612119066778{background-position: center !important;background-repeat: no-repeat !important;background-size: cover !important;}&#8220;][\/vc_column][vc_column width=&#8220;1\/2&#8243;][vc_empty_space]<div class=\"heading  header-underline align-center color-black subcolor-main transform-default has-subheader icon-type-default   vc_custom_1612118949256 heading-tag-h2\" id=\"like_sc_header_1875137974\"><h4 class=\"subheader ltx-sr-id-like_sc_header_18751379741267586583 ltx-sr ltx-sr-effect-fade_in ltx-sr-el-block ltx-sr-delay-100 ltx-sr-duration-300 ltx-sr-sequences-50\">Private Tour<\/h4><h2 class=\"header ltx-sr-id-like_sc_header_18751379741600779158 ltx-sr ltx-sr-effect-fade_in ltx-sr-el-block ltx-sr-delay-0 ltx-sr-duration-1000 ltx-sr-sequences-0\">Island Hvar &amp; Hell Islands<\/h2><\/div>[vc_column_text]<\/p>\n<p style=\"text-align: center\">Die Insel Hvar ist eine echte adriatische Perle mit einzigartiger Natur und viel reicher Geschichte und Kultur. Die sonnigste Insel an der Adriak\u00fcste und im Mittelmeer, \u00fcber 2.718 Stunden pro Jahr und nach Meinung vieler eine der sch\u00f6nsten Inseln.<\/p>\n<p>[\/vc_column_text]<div class=\"btn-wrap align-center\"><a href=\"\"  class=\"btn  btn-default color-hover-black align-center\" id=\"like_sc_button_200053028\">View Tour<\/a><\/div>[\/vc_column][\/vc_row][vc_row][vc_column width=&#8220;1\/2&#8243;][vc_empty_space]<div class=\"heading  header-underline align-center color-black subcolor-main transform-default has-subheader icon-type-default   vc_custom_1612119224704 heading-tag-h2\" id=\"like_sc_header_74403082\"><h4 class=\"subheader ltx-sr-id-like_sc_header_74403082592838445 ltx-sr ltx-sr-effect-fade_in ltx-sr-el-block ltx-sr-delay-100 ltx-sr-duration-300 ltx-sr-sequences-50\">Private Tour<\/h4><h2 class=\"header ltx-sr-id-like_sc_header_744030821117917577 ltx-sr ltx-sr-effect-fade_in ltx-sr-el-block ltx-sr-delay-0 ltx-sr-duration-1000 ltx-sr-sequences-0\">Island Vis &amp; Blue Cave<\/h2><\/div>[vc_column_text]<\/p>\n<p style=\"text-align: center\">Die Insel Hvar ist eine echte adriatische Perle mit einzigartiger Natur und viel reicher Geschichte und Kultur. Die sonnigste Insel an der Adriak\u00fcste und im Mittelmeer, \u00fcber 2.718 Stunden pro Jahr und nach Meinung vieler eine der sch\u00f6nsten Inseln.<\/p>\n<p>[\/vc_column_text]<div class=\"btn-wrap align-center\"><a href=\"\"  class=\"btn  btn-default color-hover-black align-center\" id=\"like_sc_button_942399581\">View Tour<\/a><\/div>[\/vc_column][vc_column width=&#8220;1\/2&#8243;][vc_single_image image=&#8220;11608&#8243; img_size=&#8220;full&#8220; alignment=&#8220;center&#8220; style=&#8220;vc_box_shadow_3d&#8220; onclick=&#8220;custom_link&#8220; inline=&#8220;inline&#8220; css=&#8220;.vc_custom_1612120252366{background-position: center !important;background-repeat: no-repeat !important;background-size: cover !important;}&#8220;][\/vc_column][\/vc_row]<\/p>\n","protected":false},"excerpt":{"rendered":"<p>[vc_section full_width=&#8220;stretch_row_content&#8220;][vc_row full_width=&#8220;stretch_row_content_no_spaces&#8220;][vc_column][\/vc_column][\/vc_row][\/vc_section][vc_section full_width=&#8220;stretch_row_content&#8220; bg_color_select=&#8220;gray&#8220; bg_parallax=&#8220;static&#8220; css=&#8220;.vc_custom_1612040584234{background-image: url(https:\/\/yacht-explorer.com\/wp-content\/uploads\/2018\/12\/services-bg.png?id=7691) !important;}&#8220;][vc_row full_width=&#8220;stretch_row_content_no_spaces&#8220;][vc_column][\/vc_column][\/vc_row][\/vc_section][vc_section][vc_row][vc_column width=&#8220;1\/2&#8243;][vc_empty_space][vc_column_text]Eine Bootsfahrt zur Blauen Lagune ist eine perfekte M\u00f6glichkeit, einen Tag mit Ihrer Familie zu verbringen, frischen Fisch zu essen und den ganzen Tag zu schwimmen. Besuchen Sie die attraktive Blaue Lagune mit ihrem kristallklaren Meer und die historische Stadt Trogir auf einem Schnellboot.[\/vc_column_text][\/vc_column][vc_column width=&#8220;1\/2&#8243;][vc_single_image image=&#8220;12609&#8243; img_size=&#8220;full&#8220; alignment=&#8220;center&#8220; style=&#8220;vc_box_shadow_3d&#8220; onclick=&#8220;custom_link&#8220;][\/vc_column][\/vc_row][\/vc_section][vc_row][vc_column width=&#8220;1\/2&#8243;][vc_single_image image=&#8220;11573&#8243; img_size=&#8220;full&#8220; alignment=&#8220;center&#8220; style=&#8220;vc_box_shadow_3d&#8220;][\/vc_column][vc_column width=&#8220;1\/2&#8243;][vc_empty_space][vc_column_text]Eine Bootsfahrt zur Blauen Lagune ist eine perfekte M\u00f6glichkeit, einen Tag mit Ihrer Familie zu verbringen, frischen Fisch zu essen und den ganzen Tag zu schwimmen. Besuchen Sie die attraktive Blaue Lagune mit ihrem kristallklaren Meer und die historische Stadt Trogir auf einem Schnellboot.[\/vc_column_text][\/vc_column][\/vc_row][vc_row][vc_column width=&#8220;1\/2&#8243;][vc_empty_space][vc_column_text]Die Insel Bra\u010d ist die gr\u00f6\u00dfte Insel Dalmatiens und die bev\u00f6lkerungsreichste Insel Kroatiens. Es liegt am n\u00e4chsten zum Festland und ist die perfekte Insel f\u00fcr eine kurze Bootsfahrt oder einen langen t\u00e4glichen Ausflug. Wenn Sie sich f\u00fcr eine private Tour \u00fcber [&hellip;]<\/p>\n","protected":false},"author":1,"featured_media":0,"parent":13443,"menu_order":0,"comment_status":"closed","ping_status":"closed","template":"page-templates\/full-width.php","meta":{"footnotes":""},"class_list":["post-13452","page","type-page","status-publish","hentry","has-post-thumbnail"],"_links":{"self":[{"href":"https:\/\/yacht-explorer.com\/de\/wp-json\/wp\/v2\/pages\/13452","targetHints":{"allow":["GET"]}}],"collection":[{"href":"https:\/\/yacht-explorer.com\/de\/wp-json\/wp\/v2\/pages"}],"about":[{"href":"https:\/\/yacht-explorer.com\/de\/wp-json\/wp\/v2\/types\/page"}],"author":[{"embeddable":true,"href":"https:\/\/yacht-explorer.com\/de\/wp-json\/wp\/v2\/users\/1"}],"replies":[{"embeddable":true,"href":"https:\/\/yacht-explorer.com\/de\/wp-json\/wp\/v2\/comments?post=13452"}],"version-history":[{"count":3,"href":"https:\/\/yacht-explorer.com\/de\/wp-json\/wp\/v2\/pages\/13452\/revisions"}],"predecessor-version":[{"id":13455,"href":"https:\/\/yacht-explorer.com\/de\/wp-json\/wp\/v2\/pages\/13452\/revisions\/13455"}],"up":[{"embeddable":true,"href":"https:\/\/yacht-explorer.com\/de\/wp-json\/wp\/v2\/pages\/13443"}],"wp:attachment":[{"href":"https:\/\/yacht-explorer.com\/de\/wp-json\/wp\/v2\/media?parent=13452"}],"curies":[{"name":"wp","href":"https:\/\/api.w.org\/{rel}","templated":true}]}}