{"id":13456,"date":"2021-03-09T20:57:33","date_gmt":"2021-03-09T20:57:33","guid":{"rendered":"https:\/\/yacht-explorer.com\/schnellbootstour\/group-tours\/"},"modified":"2021-03-09T20:57:34","modified_gmt":"2021-03-09T20:57:34","slug":"group-tours","status":"publish","type":"page","link":"https:\/\/yacht-explorer.com\/de\/schnellbootstour\/group-tours\/","title":{"rendered":"Group Tours"},"content":{"rendered":"<p>[vc_section full_width=&#8220;stretch_row_content&#8220;][vc_row full_width=&#8220;stretch_row_content_no_spaces&#8220;][vc_column]<div class=\"slider-zoom  zoom-default  zoom-style-default  zoom-origin-center-center  overlay-false  bullets-false  zoom-content-effect-fade-top  zoom-margin-top \" id=\"like_sc_zoom_slider_901378495\" data-zs-prev=\"\" data-zs-next=\"\" data-zs-overlay=\"false\" data-zs-initzoom=\"1.2\" data-zs-speed=\"80000\" data-zs-interval=\"80000\" data-zs-switchSpeed=\"7000\" data-zs-arrows=\"true\" data-zs-bullets=\"false\" data-zs-src='[&#34;https:\\\/\\\/yacht-explorer.com\\\/wp-content\\\/uploads\\\/2020\\\/09\\\/pakleni-island-palmizana.jpg&#34;,&#34;https:\\\/\\\/yacht-explorer.com\\\/wp-content\\\/uploads\\\/2020\\\/09\\\/chill-out.jpg&#34;]'><div class=\"container ltx-zs-slider-wrapper\"><div class=\"ltx-zs-slider-inner  inited visible  ltx-zs-slide-0\" data-index=\"0\">[vc_section full_width=\"stretch_row_content\"][vc_row full_width=\"stretch_row_content_no_spaces\"][vc_column][vc_empty_space height=\"450px\"][\/vc_column][\/vc_row][\/vc_section]<\/div><div class=\"ltx-zs-slider-inner  ltx-zs-slide-1\" data-index=\"1\">[vc_section full_width=\"stretch_row_content\"][vc_row full_width=\"stretch_row_content_no_spaces\"][vc_column][vc_empty_space height=\"450px\"][\/vc_column][\/vc_row][\/vc_section]<\/div><\/div><\/div>[\/vc_column][\/vc_row][\/vc_section][vc_section full_width=&#8220;stretch_row_content&#8220; bg_color_select=&#8220;gray&#8220; bg_parallax=&#8220;static&#8220; css=&#8220;.vc_custom_1612184355527{background-image: url(https:\/\/yacht-explorer.com\/wp-content\/uploads\/2018\/12\/services-bg.png?id=7691) !important;}&#8220;][vc_row full_width=&#8220;stretch_row_content_no_spaces&#8220;][vc_column]<div class=\"heading  header-underline align-center color-black subcolor-main transform-default has-subheader icon-type-default   vc_custom_1612183606076 heading-tag-h2\" id=\"like_sc_header_1177787192\"><h4 class=\"subheader ltx-sr-id-like_sc_header_11777871921836100767 ltx-sr ltx-sr-effect-fade_in ltx-sr-el-block ltx-sr-delay-100 ltx-sr-duration-300 ltx-sr-sequences-50\">We offer<\/h4><h2 class=\"header ltx-sr-id-like_sc_header_11777871921735542418 ltx-sr ltx-sr-effect-fade_in ltx-sr-el-block ltx-sr-delay-0 ltx-sr-duration-1000 ltx-sr-sequences-0\">Group Tours<\/h2><\/div><div class=\"ltx-content-width col-align-center\" id=\"like_sc_content_width_1270177451\" style=\"max-width: 1000px\"><div class=\"ltx-wrapper\">[vc_column_text]<\/p>\n<p style=\"text-align: center\"><span style=\"font-size: 14pt\">Insgesamt bis zu 12 G\u00e4ste.<\/span><br \/>\n<span style=\"font-size: 14pt\">Perfekt f\u00fcr Leute, die gerne andere treffen, f\u00fcr diejenigen, die die private Tour als zu teuer empfinden<\/span><\/p>\n<p>[\/vc_column_text]<\/div><\/div>[\/vc_column][\/vc_row][\/vc_section][vc_section][vc_row][vc_column width=&#8220;1\/2&#8243;][vc_empty_space height=&#8220;15px&#8220;]<div class=\"heading  header-underline align-center color-black subcolor-main transform-default has-subheader icon-type-default   vc_custom_1612184530553 heading-tag-h2\" id=\"like_sc_header_1629453579\"><h4 class=\"subheader ltx-sr-id-like_sc_header_16294535791568891274 ltx-sr ltx-sr-effect-fade_in ltx-sr-el-block ltx-sr-delay-100 ltx-sr-duration-300 ltx-sr-sequences-50\">Group Tours<\/h4><h2 class=\"header ltx-sr-id-like_sc_header_1629453579372911803 ltx-sr ltx-sr-effect-fade_in ltx-sr-el-block ltx-sr-delay-0 ltx-sr-duration-1000 ltx-sr-sequences-0\">Blue Lagoon &amp; Trogir, 3 Islands Half Day Tour<\/h2><\/div>[vc_column_text]Die halbt\u00e4gige Tour durch die Blaue Lagune bietet Ihnen Zeit zum Schwimmen, Schnorcheln und Genie\u00dfen an einem hei\u00dfen Sommertag. W\u00e4hlen Sie zwischen einer Tour am Morgen oder am Nachmittag, um Menschenmassen in der Stadt zu vermeiden. Diese denkw\u00fcrdige Lagune ist eine wahre Perle in der Adria. Diese denkw\u00fcrdige Lagune ist eine wahre Perle in der Adria.[\/vc_column_text]<div class=\"btn-wrap align-center\"><a href=\"https:\/\/yacht-explorer.com\/routs\/speed-boat-group-tours-sekcija\/blue-lagoon-trogir-3-islands-half-day-tour\/\"  class=\"btn  btn-default color-hover-black align-center\" id=\"like_sc_button_1592481058\">View Tour<\/a><\/div>[\/vc_column][vc_column width=&#8220;1\/2&#8243;][vc_single_image image=&#8220;11393&#8243; img_size=&#8220;full&#8220; alignment=&#8220;center&#8220; style=&#8220;vc_box_shadow_3d&#8220;][\/vc_column][\/vc_row][\/vc_section][vc_row][vc_column width=&#8220;1\/2&#8243;][vc_single_image image=&#8220;11557&#8243; img_size=&#8220;full&#8220; alignment=&#8220;center&#8220; style=&#8220;vc_box_shadow_3d&#8220;][\/vc_column][vc_column width=&#8220;1\/2&#8243;][vc_empty_space height=&#8220;15px&#8220;]<div class=\"heading  header-underline align-center color-black subcolor-main transform-default has-subheader icon-type-default   vc_custom_1612191404246 heading-tag-h2\" id=\"like_sc_header_765959997\"><h4 class=\"subheader ltx-sr-id-like_sc_header_7659599971445123950 ltx-sr ltx-sr-effect-fade_in ltx-sr-el-block ltx-sr-delay-100 ltx-sr-duration-300 ltx-sr-sequences-50\">Group Tours<\/h4><h2 class=\"header ltx-sr-id-like_sc_header_765959997719251223 ltx-sr ltx-sr-effect-fade_in ltx-sr-el-block ltx-sr-delay-0 ltx-sr-duration-1000 ltx-sr-sequences-0\">Blue Lagoon &amp; Wine Tasting \u2013 3 Islands Tour<\/h2><\/div>[vc_column_text]Die halbt\u00e4gige Tour durch die Blaue Lagune bietet Ihnen Zeit zum Schwimmen, Schnorcheln und Genie\u00dfen an einem hei\u00dfen Sommertag. W\u00e4hlen Sie zwischen einer Tour am Morgen oder am Nachmittag, um Menschenmassen in der Stadt zu vermeiden. Diese denkw\u00fcrdige Lagune ist eine wahre Perle in der Adria. Diese denkw\u00fcrdige Lagune ist eine wahre Perle in der Adria.[\/vc_column_text]<div class=\"btn-wrap align-center\"><a href=\"https:\/\/yacht-explorer.com\/routs\/speed-boat-group-tours-sekcija\/blue-lagoon-wine-tasting-3-islands-tour\/\"  class=\"btn  btn-default color-hover-black align-center\" id=\"like_sc_button_1744254740\">View Tour<\/a><\/div>[\/vc_column][\/vc_row][vc_row][vc_column width=&#8220;1\/2&#8243;][vc_empty_space height=&#8220;15px&#8220;]<div class=\"heading  header-underline align-center color-black subcolor-main transform-default has-subheader icon-type-default   vc_custom_1612191516650 heading-tag-h2\" id=\"like_sc_header_552461406\"><h4 class=\"subheader ltx-sr-id-like_sc_header_5524614062107877294 ltx-sr ltx-sr-effect-fade_in ltx-sr-el-block ltx-sr-delay-100 ltx-sr-duration-300 ltx-sr-sequences-50\">Group Tours<\/h4><h2 class=\"header ltx-sr-id-like_sc_header_552461406652953291 ltx-sr ltx-sr-effect-fade_in ltx-sr-el-block ltx-sr-delay-0 ltx-sr-duration-1000 ltx-sr-sequences-0\">Island Bra\u010d &amp; Bol<\/h2><\/div>[vc_column_text]Die Insel Bra\u010d ist die gr\u00f6\u00dfte Insel Dalmatiens und die bev\u00f6lkerungsreichste Insel Kroatiens. Es liegt am n\u00e4chsten zum Festland und ist die perfekte Insel f\u00fcr eine kurze Bootsfahrt oder einen langen t\u00e4glichen Ausflug. Wenn Sie sich f\u00fcr eine private Tour \u00fcber Brac Island entscheiden, bringen wir Sie zu den wundersch\u00f6nen rustikalen Orten und erm\u00f6glichen Ihnen, in die perlblauen Buchten der Insel einzutauchen.[\/vc_column_text]<div class=\"btn-wrap align-center\"><a href=\"https:\/\/yacht-explorer.com\/routs\/speed-boat-group-tours-sekcija\/island-brac-bol\/\"  class=\"btn  btn-default color-hover-black align-center\" id=\"like_sc_button_1452162095\">View Tour<\/a><\/div>[\/vc_column][vc_column width=&#8220;1\/2&#8243;][vc_single_image image=&#8220;11565&#8243; img_size=&#8220;full&#8220; alignment=&#8220;center&#8220; style=&#8220;vc_box_shadow_3d&#8220;][\/vc_column][\/vc_row][vc_row][vc_column width=&#8220;1\/2&#8243;][vc_single_image image=&#8220;12311&#8243; img_size=&#8220;full&#8220; alignment=&#8220;center&#8220; style=&#8220;vc_box_shadow_3d&#8220;][\/vc_column][vc_column width=&#8220;1\/2&#8243;][vc_empty_space]<div class=\"heading  header-underline align-center color-black subcolor-main transform-default has-subheader icon-type-default   vc_custom_1612191708607 heading-tag-h2\" id=\"like_sc_header_1453738127\"><h4 class=\"subheader ltx-sr-id-like_sc_header_14537381271751309334 ltx-sr ltx-sr-effect-fade_in ltx-sr-el-block ltx-sr-delay-100 ltx-sr-duration-300 ltx-sr-sequences-50\">Group Tours<\/h4><h2 class=\"header ltx-sr-id-like_sc_header_1453738127421744669 ltx-sr ltx-sr-effect-fade_in ltx-sr-el-block ltx-sr-delay-0 ltx-sr-duration-1000 ltx-sr-sequences-0\">Hvar And Pakleni Islands<\/h2><\/div>[vc_column_text]Die Insel Hvar ist eine echte adriatische Perle mit einzigartiger Natur und viel reicher Geschichte und Kultur. Die sonnigste Insel an der Adriak\u00fcste und im Mittelmeer, \u00fcber 2.718 Stunden pro Jahr und nach Meinung vieler eine der sch\u00f6nsten Inseln.[\/vc_column_text]<div class=\"btn-wrap align-center\"><a href=\"\"  class=\"btn  btn-default color-hover-black align-center\" id=\"like_sc_button_401508176\">View Tour<\/a><\/div>[\/vc_column][\/vc_row][vc_row][vc_column width=&#8220;1\/2&#8243;][vc_empty_space]<div class=\"heading  header-underline align-center color-black subcolor-main transform-default has-subheader icon-type-default   vc_custom_1612192496186 heading-tag-h2\" id=\"like_sc_header_56089236\"><h4 class=\"subheader ltx-sr-id-like_sc_header_56089236391407992 ltx-sr ltx-sr-effect-fade_in ltx-sr-el-block ltx-sr-delay-100 ltx-sr-duration-300 ltx-sr-sequences-50\">Group Tours<\/h4><h2 class=\"header ltx-sr-id-like_sc_header_560892361005495125 ltx-sr ltx-sr-effect-fade_in ltx-sr-el-block ltx-sr-delay-0 ltx-sr-duration-1000 ltx-sr-sequences-0\">Blue Cave &amp; Hvar, 5 Islands Tour<\/h2><\/div>[vc_column_text]Die Blaue H\u00f6hle ist Ihre einzigartige Art, sich von der Sch\u00f6nheit unserer K\u00fcstenregion, der intakten Natur und dem kristallklaren blauen Meer faszinieren zu lassen. Die Tour dauert 11 Stunden und Sie k\u00f6nnen die nat\u00fcrliche Sch\u00f6nheit mit dem Schnellboot erkunden. Au\u00dferdem haben Sie Zeit f\u00fcr sich.<strong><br \/>\n<\/strong>[\/vc_column_text]<div class=\"btn-wrap align-center\"><a href=\"\"  class=\"btn  btn-default color-hover-black align-center\" id=\"like_sc_button_241271430\">View Tour<\/a><\/div>[\/vc_column][vc_column width=&#8220;1\/2&#8243;][vc_single_image image=&#8220;11608&#8243; img_size=&#8220;full&#8220; alignment=&#8220;center&#8220; style=&#8220;vc_box_shadow_3d&#8220;][\/vc_column][\/vc_row]<\/p>\n","protected":false},"excerpt":{"rendered":"<p>[vc_section full_width=&#8220;stretch_row_content&#8220;][vc_row full_width=&#8220;stretch_row_content_no_spaces&#8220;][vc_column][\/vc_column][\/vc_row][\/vc_section][vc_section full_width=&#8220;stretch_row_content&#8220; bg_color_select=&#8220;gray&#8220; bg_parallax=&#8220;static&#8220; css=&#8220;.vc_custom_1612184355527{background-image: url(https:\/\/yacht-explorer.com\/wp-content\/uploads\/2018\/12\/services-bg.png?id=7691) !important;}&#8220;][vc_row full_width=&#8220;stretch_row_content_no_spaces&#8220;][vc_column][\/vc_column][\/vc_row][\/vc_section][vc_section][vc_row][vc_column width=&#8220;1\/2&#8243;][vc_empty_space height=&#8220;15px&#8220;][vc_column_text]Die halbt\u00e4gige Tour durch die Blaue Lagune bietet Ihnen Zeit zum Schwimmen, Schnorcheln und Genie\u00dfen an einem hei\u00dfen Sommertag. W\u00e4hlen Sie zwischen einer Tour am Morgen oder am Nachmittag, um Menschenmassen in der Stadt zu vermeiden. Diese denkw\u00fcrdige Lagune ist eine wahre Perle in der Adria. Diese denkw\u00fcrdige Lagune ist eine wahre Perle in der Adria.[\/vc_column_text][\/vc_column][vc_column width=&#8220;1\/2&#8243;][vc_single_image image=&#8220;11393&#8243; img_size=&#8220;full&#8220; alignment=&#8220;center&#8220; style=&#8220;vc_box_shadow_3d&#8220;][\/vc_column][\/vc_row][\/vc_section][vc_row][vc_column width=&#8220;1\/2&#8243;][vc_single_image image=&#8220;11557&#8243; img_size=&#8220;full&#8220; alignment=&#8220;center&#8220; style=&#8220;vc_box_shadow_3d&#8220;][\/vc_column][vc_column width=&#8220;1\/2&#8243;][vc_empty_space height=&#8220;15px&#8220;][vc_column_text]Die halbt\u00e4gige Tour durch die Blaue Lagune bietet Ihnen Zeit zum Schwimmen, Schnorcheln und Genie\u00dfen an einem hei\u00dfen Sommertag. W\u00e4hlen Sie zwischen einer Tour am Morgen oder am Nachmittag, um Menschenmassen in der Stadt zu vermeiden. Diese denkw\u00fcrdige Lagune ist eine wahre Perle in der Adria. Diese denkw\u00fcrdige Lagune ist eine wahre Perle in der Adria.[\/vc_column_text][\/vc_column][\/vc_row][vc_row][vc_column width=&#8220;1\/2&#8243;][vc_empty_space height=&#8220;15px&#8220;][vc_column_text]Die Insel Bra\u010d ist die gr\u00f6\u00dfte Insel Dalmatiens und die bev\u00f6lkerungsreichste Insel Kroatiens. Es liegt [&hellip;]<\/p>\n","protected":false},"author":1,"featured_media":0,"parent":13443,"menu_order":1,"comment_status":"closed","ping_status":"closed","template":"page-templates\/full-width.php","meta":{"footnotes":""},"class_list":["post-13456","page","type-page","status-publish","hentry","has-post-thumbnail"],"_links":{"self":[{"href":"https:\/\/yacht-explorer.com\/de\/wp-json\/wp\/v2\/pages\/13456","targetHints":{"allow":["GET"]}}],"collection":[{"href":"https:\/\/yacht-explorer.com\/de\/wp-json\/wp\/v2\/pages"}],"about":[{"href":"https:\/\/yacht-explorer.com\/de\/wp-json\/wp\/v2\/types\/page"}],"author":[{"embeddable":true,"href":"https:\/\/yacht-explorer.com\/de\/wp-json\/wp\/v2\/users\/1"}],"replies":[{"embeddable":true,"href":"https:\/\/yacht-explorer.com\/de\/wp-json\/wp\/v2\/comments?post=13456"}],"version-history":[{"count":3,"href":"https:\/\/yacht-explorer.com\/de\/wp-json\/wp\/v2\/pages\/13456\/revisions"}],"predecessor-version":[{"id":13459,"href":"https:\/\/yacht-explorer.com\/de\/wp-json\/wp\/v2\/pages\/13456\/revisions\/13459"}],"up":[{"embeddable":true,"href":"https:\/\/yacht-explorer.com\/de\/wp-json\/wp\/v2\/pages\/13443"}],"wp:attachment":[{"href":"https:\/\/yacht-explorer.com\/de\/wp-json\/wp\/v2\/media?parent=13456"}],"curies":[{"name":"wp","href":"https:\/\/api.w.org\/{rel}","templated":true}]}}