{"id":13990,"date":"2022-04-21T17:42:03","date_gmt":"2022-04-21T17:42:03","guid":{"rendered":"https:\/\/yacht-explorer.com\/homepage-slider\/lernen-sie-das-team-kennen\/"},"modified":"2022-04-21T17:42:03","modified_gmt":"2022-04-21T17:42:03","slug":"lernen-sie-das-team-kennen","status":"publish","type":"page","link":"https:\/\/yacht-explorer.com\/de\/homepage-slider\/lernen-sie-das-team-kennen\/","title":{"rendered":"Lernen Sie das Team kennen"},"content":{"rendered":"<p>[vc_section full_width=&#8220;stretch_row_content&#8220;][vc_row full_width=&#8220;stretch_row_content_no_spaces&#8220;][vc_column]<div class=\"slider-zoom  zoom-default  zoom-style-default  zoom-origin-center-center  overlay-dots  bullets-false  zoom-content-effect-fade-top  zoom-margin-top \" id=\"like_sc_zoom_slider_14298244\" data-zs-prev=\"\" data-zs-next=\"\" data-zs-overlay=\"dots\" data-zs-initzoom=\"1.2\" data-zs-speed=\"50000\" data-zs-interval=\"50000\" data-zs-switchSpeed=\"7000\" data-zs-arrows=\"true\" data-zs-bullets=\"false\" data-zs-src='[&#34;https:\\\/\\\/yacht-explorer.com\\\/wp-content\\\/uploads\\\/2020\\\/11\\\/contact-heder.jpg&#34;,&#34;https:\\\/\\\/yacht-explorer.com\\\/wp-content\\\/uploads\\\/2020\\\/11\\\/contact-heder.jpg&#34;]'><div class=\"container ltx-zs-slider-wrapper\"><div class=\"ltx-zs-slider-inner  inited visible  ltx-zs-slide-0\" data-index=\"0\">[vc_section full_width=\"stretch_row_content\"][vc_row][vc_column][vc_empty_space height=\"450px\"][\/vc_column][\/vc_row][\/vc_section]<\/div><div class=\"ltx-zs-slider-inner  ltx-zs-slide-1\" data-index=\"1\">[vc_section full_width=\"stretch_row_content\"][vc_row][vc_column][vc_empty_space height=\"450px\"][\/vc_column][\/vc_row][\/vc_section]<\/div><\/div><\/div>[\/vc_column][\/vc_row][\/vc_section][vc_section full_width=&#8220;stretch_row_content&#8220; bg_overlay=&#8220;divider&#8220;][vc_row][vc_column][vc_empty_space][\/vc_column][\/vc_row][vc_row][vc_column width=&#8220;1\/4&#8243;][\/vc_column][vc_column width=&#8220;1\/2&#8243;][vc_column_text css=&#8220;.vc_custom_1645309575922{margin-right: 50px !important;margin-left: 50px !important;}&#8220;]<span style=\"font-size: 18pt;\"><em>Leidenschaft&#8230; Engagement&#8230; Perfektion&#8230;<\/em><\/span><\/p>\n<h4>Diese einfachen Worte k\u00f6nnen den Kern des MK YACHT EXPLORER-Teams beschreiben.<\/h4>\n<p>Unser Motto ist \u201ecooperate and create\u201c und deshalb f\u00fchlen wir uns eher wie eine Familie als wie Kollegen. Wir konzentrieren uns auf exzellenten Kundenservice und gut gewartete Yachten! Unser Ziel ist es, f\u00fcr jeden Gast eine einzigartige Segelgeschichte zu erschaffen.<\/p>\n<p>Wir haben ein erfahrenes, talentiertes und engagiertes Team mit Hintergr\u00fcnden in Planung, Koordination, Management, Kommunikation und technischem Wissen f\u00fcr die Yachtwartung.<\/p>\n<p>Wir k\u00f6nnen auf jede Gelegenheit reagieren, jede Herausforderung annehmen und die besten L\u00f6sungen entwickeln, weil wir die Bedeutung unseres Strebens erkennen und dieselben Tr\u00e4ume und Werte mit unserer geliebten Kundschaft teilen.[\/vc_column_text][\/vc_column][vc_column width=&#8220;1\/4&#8243;][\/vc_column][\/vc_row][vc_row full_width=&#8220;stretch_row&#8220;][vc_column width=&#8220;1\/3&#8243;][vc_single_image image=&#8220;13868&#8243; img_size=&#8220;full&#8220; alignment=&#8220;center&#8220;][\/vc_column][vc_column width=&#8220;1\/3&#8243;][vc_single_image image=&#8220;13870&#8243; img_size=&#8220;full&#8220; alignment=&#8220;center&#8220;][\/vc_column][vc_column width=&#8220;1\/3&#8243;][vc_empty_space height=&#8220;50px&#8220;][vc_column_text css=&#8220;.vc_custom_1605440285680{margin-right: 50px !important;margin-left: 50px !important;}&#8220;]Bei Fragen zum Yachtcharter f\u00fcllen Sie bitte das Formular aus oder kontaktieren Sie unsere Mitarbeiter w\u00e4hrend der B\u00fcroarbeit ab:<br \/>\n<strong><span class=\"font-weight-700\">Mo-Fr: 08:00 &#8211; 20:00 Uhr<\/span><\/strong>[\/vc_column_text][vc_empty_space][vc_row_inner css=&#8220;.vc_custom_1605440198183{padding-left: 30px !important;}&#8220;][vc_column_inner width=&#8220;1\/4&#8243; css=&#8220;.vc_custom_1605440225382{padding-right: 5px !important;}&#8220;]<ul class=\"ltx-block-icon icons-count-1  ltx-icon-ht-left align-center ltx-icon-type-circle layout-cols1 \"  id=\"like_sc_block_icon_657543754\"><li ><div  data-mh=\"ltx-block-icon-in-1226\" class=\"in matchHeight\"><span class=\"ltx-icon icon-pin\" data-mh=\"ltx-icon-span-like_sc_block_icon_657543754\"><\/span><div class=\"block-right\"><\/div><\/div><\/li><\/ul>[\/vc_column_inner][vc_column_inner width=&#8220;3\/4&#8243;][vc_column_text]<\/p>\n<p style=\"text-align: left;\"><span style=\"font-size: 14pt;\"><br \/>\nZuvanceva 19, Kastel Sucurac 21212, Croatia<\/span><\/p>\n<p>[\/vc_column_text][\/vc_column_inner][\/vc_row_inner][vc_row_inner css=&#8220;.vc_custom_1605440198183{padding-left: 30px !important;}&#8220;][vc_column_inner width=&#8220;1\/4&#8243; css=&#8220;.vc_custom_1605440225382{padding-right: 5px !important;}&#8220;]<ul class=\"ltx-block-icon icons-count-1  ltx-icon-ht-left align-center ltx-icon-type-circle layout-cols1 \"  id=\"like_sc_block_icon_1159793581\"><li ><div  data-mh=\"ltx-block-icon-in-1937\" class=\"in matchHeight\"><span class=\"ltx-icon icon-pin\" data-mh=\"ltx-icon-span-like_sc_block_icon_1159793581\"><\/span><div class=\"block-right\"><\/div><\/div><\/li><\/ul>[\/vc_column_inner][vc_column_inner width=&#8220;3\/4&#8243;][vc_column_text]<\/p>\n<p style=\"text-align: left;\"><span style=\"font-size: 14pt;\"><br \/>\nMarina Baoti\u0107, Seget<br \/>\n<\/span><\/p>\n<p>[\/vc_column_text][\/vc_column_inner][\/vc_row_inner][vc_row_inner css=&#8220;.vc_custom_1605440198183{padding-left: 30px !important;}&#8220;][vc_column_inner width=&#8220;1\/4&#8243; css=&#8220;.vc_custom_1605440855672{padding-top: 10px !important;padding-right: 5px !important;}&#8220;]<ul class=\"ltx-block-icon icons-count-1  ltx-icon-ht-left align-center ltx-icon-type-circle layout-cols1 \"  id=\"like_sc_block_icon_1747813685\"><li ><div  data-mh=\"ltx-block-icon-in-1142\" class=\"in matchHeight\"><span class=\"ltx-icon fas fa-phone\" data-mh=\"ltx-icon-span-like_sc_block_icon_1747813685\"><\/span><div class=\"block-right\"><\/div><\/div><\/li><\/ul>[\/vc_column_inner][vc_column_inner width=&#8220;3\/4&#8243;][vc_column_text]<\/p>\n<p style=\"text-align: left;\"><span style=\"font-size: 14pt;\"><br \/>\nPhone: +385 95 892 6380<br \/>\n<\/span><\/p>\n<p>[\/vc_column_text][\/vc_column_inner][\/vc_row_inner][vc_row_inner css=&#8220;.vc_custom_1605440198183{padding-left: 30px !important;}&#8220;][vc_column_inner width=&#8220;1\/4&#8243; css=&#8220;.vc_custom_1605441102642{padding-right: 5px !important;}&#8220;]<ul class=\"ltx-block-icon icons-count-1  ltx-icon-ht-left align-center ltx-icon-type-circle layout-cols1 \"  id=\"like_sc_block_icon_430750930\"><li ><div  data-mh=\"ltx-block-icon-in-1440\" class=\"in matchHeight\"><span class=\"ltx-icon fas fa-envelope\" data-mh=\"ltx-icon-span-like_sc_block_icon_430750930\"><\/span><div class=\"block-right\"><\/div><\/div><\/li><\/ul>[\/vc_column_inner][vc_column_inner width=&#8220;3\/4&#8243;][vc_column_text]<\/p>\n<p style=\"text-align: left;\"><span style=\"font-size: 14pt;\"><br \/>\ninfo@yacht-explorer.com<br \/>\n<\/span><\/p>\n<p>[\/vc_column_text][\/vc_column_inner][\/vc_row_inner][\/vc_column][\/vc_row][\/vc_section]<\/p>\n","protected":false},"excerpt":{"rendered":"<p>[vc_section full_width=&#8220;stretch_row_content&#8220;][vc_row full_width=&#8220;stretch_row_content_no_spaces&#8220;][vc_column][\/vc_column][\/vc_row][\/vc_section][vc_section full_width=&#8220;stretch_row_content&#8220; bg_overlay=&#8220;divider&#8220;][vc_row][vc_column][vc_empty_space][\/vc_column][\/vc_row][vc_row][vc_column width=&#8220;1\/4&#8243;][\/vc_column][vc_column width=&#8220;1\/2&#8243;][vc_column_text css=&#8220;.vc_custom_1645309575922{margin-right: 50px !important;margin-left: 50px !important;}&#8220;]Leidenschaft&#8230; Engagement&#8230; Perfektion&#8230; Diese einfachen Worte k\u00f6nnen den Kern des MK YACHT EXPLORER-Teams beschreiben. Unser Motto ist \u201ecooperate and create\u201c und deshalb f\u00fchlen wir uns eher wie eine Familie als wie Kollegen. Wir konzentrieren uns auf exzellenten Kundenservice und gut gewartete Yachten! Unser Ziel ist es, f\u00fcr jeden Gast eine einzigartige Segelgeschichte zu erschaffen. Wir haben ein erfahrenes, talentiertes und engagiertes Team mit Hintergr\u00fcnden in Planung, Koordination, Management, Kommunikation und technischem Wissen f\u00fcr die Yachtwartung. Wir k\u00f6nnen auf jede Gelegenheit reagieren, jede Herausforderung annehmen und die besten L\u00f6sungen entwickeln, weil wir die Bedeutung unseres Strebens erkennen und dieselben Tr\u00e4ume und Werte mit unserer geliebten Kundschaft teilen.[\/vc_column_text][\/vc_column][vc_column width=&#8220;1\/4&#8243;][\/vc_column][\/vc_row][vc_row full_width=&#8220;stretch_row&#8220;][vc_column width=&#8220;1\/3&#8243;][vc_single_image image=&#8220;13868&#8243; img_size=&#8220;full&#8220; alignment=&#8220;center&#8220;][\/vc_column][vc_column width=&#8220;1\/3&#8243;][vc_single_image image=&#8220;13870&#8243; img_size=&#8220;full&#8220; alignment=&#8220;center&#8220;][\/vc_column][vc_column width=&#8220;1\/3&#8243;][vc_empty_space height=&#8220;50px&#8220;][vc_column_text css=&#8220;.vc_custom_1605440285680{margin-right: 50px !important;margin-left: 50px !important;}&#8220;]Bei Fragen zum Yachtcharter f\u00fcllen Sie bitte das Formular aus oder kontaktieren Sie unsere Mitarbeiter w\u00e4hrend der [&hellip;]<\/p>\n","protected":false},"author":1,"featured_media":0,"parent":12116,"menu_order":2,"comment_status":"closed","ping_status":"closed","template":"page-templates\/full-width.php","meta":{"footnotes":""},"class_list":["post-13990","page","type-page","status-publish","hentry","has-post-thumbnail"],"_links":{"self":[{"href":"https:\/\/yacht-explorer.com\/de\/wp-json\/wp\/v2\/pages\/13990","targetHints":{"allow":["GET"]}}],"collection":[{"href":"https:\/\/yacht-explorer.com\/de\/wp-json\/wp\/v2\/pages"}],"about":[{"href":"https:\/\/yacht-explorer.com\/de\/wp-json\/wp\/v2\/types\/page"}],"author":[{"embeddable":true,"href":"https:\/\/yacht-explorer.com\/de\/wp-json\/wp\/v2\/users\/1"}],"replies":[{"embeddable":true,"href":"https:\/\/yacht-explorer.com\/de\/wp-json\/wp\/v2\/comments?post=13990"}],"version-history":[{"count":3,"href":"https:\/\/yacht-explorer.com\/de\/wp-json\/wp\/v2\/pages\/13990\/revisions"}],"predecessor-version":[{"id":13993,"href":"https:\/\/yacht-explorer.com\/de\/wp-json\/wp\/v2\/pages\/13990\/revisions\/13993"}],"up":[{"embeddable":true,"href":"https:\/\/yacht-explorer.com\/de\/wp-json\/wp\/v2\/pages\/12116"}],"wp:attachment":[{"href":"https:\/\/yacht-explorer.com\/de\/wp-json\/wp\/v2\/media?parent=13990"}],"curies":[{"name":"wp","href":"https:\/\/api.w.org\/{rel}","templated":true}]}}